{"id":54,"date":"2017-01-12T20:02:30","date_gmt":"2017-01-12T20:02:30","guid":{"rendered":"http:\/\/emdesenvolvimento.pt\/fehst_v2\/?page_id=54"},"modified":"2017-04-20T13:24:55","modified_gmt":"2017-04-20T13:24:55","slug":"vision-and-goal","status":"publish","type":"page","link":"https:\/\/www.fehstgroup.com\/pt\/the-company\/vision-and-goal\/","title":{"rendered":"Vis\u00e3o e Objetivos"},"content":{"rendered":"<p>[vc_row][vc_column width=&#8221;1\/2&#8243;][vc_single_image image=&#8221;24&#8243; img_size=&#8221;full&#8221; style=&#8221;vc_box_shadow&#8221;][\/vc_column][vc_column width=&#8221;1\/2&#8243;][vc_column_text]\u2022 O nosso objetivo \u00e9 ser reconhecido como um dos melhores parceiros de solu\u00e7\u00f5es para componentes pl\u00e1sticos. Oferecemos solu\u00e7\u00f5es completas para m\u00f3dulos mec\u00e2nicos e est\u00e9ticos.<\/p>\n<p>\u2022 Focamo-nos na melhoria cont\u00ednua, na gest\u00e3o de projetos e no planeamento de qualidade, de acordo com as normas e requisitos da ind\u00fastria autom\u00f3vel.<\/p>\n<p>\u2022 Para satisfazer as necessidades dos nossos clientes, contamos com m\u00e3o-de-obra e profissionais altamente qualificados, que ao longo de tr\u00eas d\u00e9cadas continuam a contribuir com a sua experi\u00eancia para um maior desenvolvimento dos produtos.<\/p>\n<p>\u2022 O nosso objetivo \u00e9 desenvolver relacionamentos de longo prazo com os clientes, comprometemo-nos a oferecer n\u00e3o s\u00f3 produtos industriais, mas tamb\u00e9m um aconselhamento para solu\u00e7\u00f5es criativas dentro da nossa esfera de compet\u00eancias.[\/vc_column_text][\/vc_column][\/vc_row]<\/p>","protected":false},"excerpt":{"rendered":"<p>[vc_row][vc_column width=&#8221;1\/2&#8243;][vc_single_image image=&#8221;24&#8243; img_size=&#8221;full&#8221; style=&#8221;vc_box_shadow&#8221;][\/vc_column][vc_column width=&#8221;1\/2&#8243;][vc_column_text]\u2022 O nosso objetivo \u00e9 ser reconhecido como um dos melhores parceiros de solu\u00e7\u00f5es para componentes pl\u00e1sticos. Oferecemos solu\u00e7\u00f5es completas para m\u00f3dulos mec\u00e2nicos e est\u00e9ticos. \u2022 Focamo-nos na melhoria cont\u00ednua, na gest\u00e3o de projetos e no planeamento de qualidade, de acordo com as normas e requisitos da ind\u00fastria autom\u00f3vel. \u2022 [&hellip;]<\/p>\n","protected":false},"author":1,"featured_media":0,"parent":41,"menu_order":0,"comment_status":"closed","ping_status":"closed","template":"","meta":{"footnotes":""},"class_list":["post-54","page","type-page","status-publish","hentry"],"aioseo_notices":[],"_links":{"self":[{"href":"https:\/\/www.fehstgroup.com\/pt\/wp-json\/wp\/v2\/pages\/54","targetHints":{"allow":["GET"]}}],"collection":[{"href":"https:\/\/www.fehstgroup.com\/pt\/wp-json\/wp\/v2\/pages"}],"about":[{"href":"https:\/\/www.fehstgroup.com\/pt\/wp-json\/wp\/v2\/types\/page"}],"author":[{"embeddable":true,"href":"https:\/\/www.fehstgroup.com\/pt\/wp-json\/wp\/v2\/users\/1"}],"replies":[{"embeddable":true,"href":"https:\/\/www.fehstgroup.com\/pt\/wp-json\/wp\/v2\/comments?post=54"}],"version-history":[{"count":5,"href":"https:\/\/www.fehstgroup.com\/pt\/wp-json\/wp\/v2\/pages\/54\/revisions"}],"predecessor-version":[{"id":331,"href":"https:\/\/www.fehstgroup.com\/pt\/wp-json\/wp\/v2\/pages\/54\/revisions\/331"}],"up":[{"embeddable":true,"href":"https:\/\/www.fehstgroup.com\/pt\/wp-json\/wp\/v2\/pages\/41"}],"wp:attachment":[{"href":"https:\/\/www.fehstgroup.com\/pt\/wp-json\/wp\/v2\/media?parent=54"}],"curies":[{"name":"wp","href":"https:\/\/api.w.org\/{rel}","templated":true}]}}