{"id":51,"date":"2017-02-02T15:21:28","date_gmt":"2017-02-02T15:21:28","guid":{"rendered":"http:\/\/emdesenvolvimento.pt\/fehst_v2\/?page_id=51"},"modified":"2020-04-29T10:45:10","modified_gmt":"2020-04-29T10:45:10","slug":"history","status":"publish","type":"page","link":"https:\/\/www.fehstgroup.com\/pt\/the-company\/history\/","title":{"rendered":"Hist\u00f3ria"},"content":{"rendered":"<p>[vc_row][vc_column][vc_column_text]<div class=\"tm_timeline tm_timeline-layout-vertical tm_timeline-layout-vertical-chessOrder\">\r\n\r\n\t<div class=\"tm_timeline__container\">\r\n\r\n\t\t<div class=\"tm_timeline__body\">\r\n\r\n\t\t\t<div class=\"tm_timeline__tense\"><\/div>\r\n\r\n\t\t\r\n\t\t\t\t<div class=\"tm_timeline__event tm_timeline__event-odd\">\r\n\t\t\t\t\t\t\t\t\t\t<div class=\"tm_timeline__event__dot\"><\/div>\r\n\t\t\t\t\t\t\t\t\t\t<div class=\"tm_timeline__event__date\">2016<\/div>\r\n\t\t\t\t\t\t\t\t\t\t\t<div class=\"tm_timeline__event__title\">\r\n\t\t\t\t\t\t\t\t\t\t\t\t\t<\/div>\r\n\t\t\t\t\t\t\t\t\t\t<div class=\"tm_timeline__event__description\">\r\n\t\t\t\t\t\t<p>Lan\u00e7amento da linha de cromagem seletiva para acabamento de pe\u00e7as pl\u00e1sticas<\/p>\n\t\t\t\t\t<\/div>\r\n\t\t\t\t<\/div>\r\n\r\n\t\t\t\t\t\t\t\r\n\t\t\t\t<div class=\"tm_timeline__event tm_timeline__event-even\">\r\n\t\t\t\t\t\t\t\t\t\t<div class=\"tm_timeline__event__dot\"><\/div>\r\n\t\t\t\t\t\t\t\t\t\t<div class=\"tm_timeline__event__date\">2014<\/div>\r\n\t\t\t\t\t\t\t\t\t\t\t<div class=\"tm_timeline__event__title\">\r\n\t\t\t\t\t\t\t\t\t\t\t\t\t<\/div>\r\n\t\t\t\t\t\t\t\t\t\t<div class=\"tm_timeline__event__description\">\r\n\t\t\t\t\t\t<p>Implementa\u00e7\u00e3o da linha de pintura com cura ultravioleta (elevada resist\u00eancia a riscos)<\/p>\n\t\t\t\t\t<\/div>\r\n\t\t\t\t<\/div>\r\n\r\n\t\t\t\t\t\t\t\r\n\t\t\t\t<div class=\"tm_timeline__event tm_timeline__event-odd\">\r\n\t\t\t\t\t\t\t\t\t\t<div class=\"tm_timeline__event__dot\"><\/div>\r\n\t\t\t\t\t\t\t\t\t\t<div class=\"tm_timeline__event__date\">2013<\/div>\r\n\t\t\t\t\t\t\t\t\t\t\t<div class=\"tm_timeline__event__title\">\r\n\t\t\t\t\t\t\t\t\t\t\t\t\t<\/div>\r\n\t\t\t\t\t\t\t\t\t\t<div class=\"tm_timeline__event__description\">\r\n\t\t\t\t\t\t<p>Inje\u00e7\u00e3o tri-material<\/p>\n<p>Linha de montagem autom\u00e1tica<\/p>\n\t\t\t\t\t<\/div>\r\n\t\t\t\t<\/div>\r\n\r\n\t\t\t\t\t\t\t\r\n\t\t\t\t<div class=\"tm_timeline__event tm_timeline__event-even\">\r\n\t\t\t\t\t\t\t\t\t\t<div class=\"tm_timeline__event__dot\"><\/div>\r\n\t\t\t\t\t\t\t\t\t\t<div class=\"tm_timeline__event__date\">2010<\/div>\r\n\t\t\t\t\t\t\t\t\t\t\t<div class=\"tm_timeline__event__title\">\r\n\t\t\t\t\t\t\t\t\t\t\t\t\t<\/div>\r\n\t\t\t\t\t\t\t\t\t\t<div class=\"tm_timeline__event__description\">\r\n\t\t\t\t\t\t<div class=\"left-side\">\n<p>\u201cPME Excel\u00eancia\u201d<\/p>\n<p>Participa\u00e7\u00e3o maiorit\u00e1ria na ENANCER ELECTRONICA, marca ONLY Smart Home<\/p>\n<p>Aquisi\u00e7\u00e3o da SIROCO (robotiza\u00e7\u00e3o, automa\u00e7\u00e3o industrial e equipamentos para crava\u00e7\u00e3o)<\/p>\n<\/div>\n\t\t\t\t\t<\/div>\r\n\t\t\t\t<\/div>\r\n\r\n\t\t\t\t\t\t\t\r\n\t\t\t\t<div class=\"tm_timeline__event tm_timeline__event-odd\">\r\n\t\t\t\t\t\t\t\t\t\t<div class=\"tm_timeline__event__dot\"><\/div>\r\n\t\t\t\t\t\t\t\t\t\t<div class=\"tm_timeline__event__date\">2008<\/div>\r\n\t\t\t\t\t\t\t\t\t\t\t<div class=\"tm_timeline__event__title\">\r\n\t\t\t\t\t\t\t\t\t\t\t\t\t<\/div>\r\n\t\t\t\t\t\t\t\t\t\t<div class=\"tm_timeline__event__description\">\r\n\t\t\t\t\t\t<p>In\u00edcio de produ\u00e7\u00e3o de projetos que incorporam nova tecnologia: pintura de alto brilho<\/p>\n\t\t\t\t\t<\/div>\r\n\t\t\t\t<\/div>\r\n\r\n\t\t\t\t\t\t\t\r\n\t\t\t\t<div class=\"tm_timeline__event tm_timeline__event-even\">\r\n\t\t\t\t\t\t\t\t\t\t<div class=\"tm_timeline__event__dot\"><\/div>\r\n\t\t\t\t\t\t\t\t\t\t<div class=\"tm_timeline__event__date\">1997<\/div>\r\n\t\t\t\t\t\t\t\t\t\t\t<div class=\"tm_timeline__event__title\">\r\n\t\t\t\t\t\t\t\t\t\t\t\t\t<\/div>\r\n\t\t\t\t\t\t\t\t\t\t<div class=\"tm_timeline__event__description\">\r\n\t\t\t\t\t\t<p>Atividade direciona-se para a produ\u00e7\u00e3o de componentes para a ind\u00fastria autom\u00f3vel<\/p>\n<p>Pain\u00e9is para autorr\u00e1dios, caixas met\u00e1licas e sistemas de climatiza\u00e7\u00e3o<\/p>\n\t\t\t\t\t<\/div>\r\n\t\t\t\t<\/div>\r\n\r\n\t\t\t\t\t\t\t\r\n\t\t\t\t<div class=\"tm_timeline__event tm_timeline__event-odd\">\r\n\t\t\t\t\t\t\t\t\t\t<div class=\"tm_timeline__event__dot\"><\/div>\r\n\t\t\t\t\t\t\t\t\t\t<div class=\"tm_timeline__event__date\">1995<\/div>\r\n\t\t\t\t\t\t\t\t\t\t\t<div class=\"tm_timeline__event__title\">\r\n\t\t\t\t\t\t\t\t\t\t\t\t\t<\/div>\r\n\t\t\t\t\t\t\t\t\t\t<div class=\"tm_timeline__event__description\">\r\n\t\t\t\t\t\t<p>Fundada em maio de 1995<br \/>\nManagement buy-out da Grundig Componentes, Lda<br \/>\nAutorr\u00e1dio, Hi-Fi e TV<\/p>\n\t\t\t\t\t<\/div>\r\n\t\t\t\t<\/div>\r\n\r\n\t\t\t\t\t\t\t\t\t\t\r\n\t\t<\/div>\r\n\t<\/div>\r\n<\/div>\r\n[\/vc_column_text][\/vc_column][\/vc_row]<\/p>\n","protected":false},"excerpt":{"rendered":"<p>[vc_row][vc_column][vc_column_text][\/vc_column_text][\/vc_column][\/vc_row]<\/p>\n","protected":false},"author":1,"featured_media":0,"parent":41,"menu_order":0,"comment_status":"closed","ping_status":"closed","template":"","meta":{"footnotes":""},"class_list":["post-51","page","type-page","status-publish","hentry"],"aioseo_notices":[],"_links":{"self":[{"href":"https:\/\/www.fehstgroup.com\/pt\/wp-json\/wp\/v2\/pages\/51","targetHints":{"allow":["GET"]}}],"collection":[{"href":"https:\/\/www.fehstgroup.com\/pt\/wp-json\/wp\/v2\/pages"}],"about":[{"href":"https:\/\/www.fehstgroup.com\/pt\/wp-json\/wp\/v2\/types\/page"}],"author":[{"embeddable":true,"href":"https:\/\/www.fehstgroup.com\/pt\/wp-json\/wp\/v2\/users\/1"}],"replies":[{"embeddable":true,"href":"https:\/\/www.fehstgroup.com\/pt\/wp-json\/wp\/v2\/comments?post=51"}],"version-history":[{"count":9,"href":"https:\/\/www.fehstgroup.com\/pt\/wp-json\/wp\/v2\/pages\/51\/revisions"}],"predecessor-version":[{"id":301,"href":"https:\/\/www.fehstgroup.com\/pt\/wp-json\/wp\/v2\/pages\/51\/revisions\/301"}],"up":[{"embeddable":true,"href":"https:\/\/www.fehstgroup.com\/pt\/wp-json\/wp\/v2\/pages\/41"}],"wp:attachment":[{"href":"https:\/\/www.fehstgroup.com\/pt\/wp-json\/wp\/v2\/media?parent=51"}],"curies":[{"name":"wp","href":"https:\/\/api.w.org\/{rel}","templated":true}]}}