{"id":47,"date":"2017-01-11T19:09:10","date_gmt":"2017-01-11T19:09:10","guid":{"rendered":"http:\/\/emdesenvolvimento.pt\/fehst_v2\/?page_id=47"},"modified":"2020-04-29T10:45:10","modified_gmt":"2020-04-29T10:45:10","slug":"the-group","status":"publish","type":"page","link":"https:\/\/www.fehstgroup.com\/pt\/the-company\/the-group\/","title":{"rendered":"O Grupo"},"content":{"rendered":"<p>[vc_row][vc_column][vc_custom_heading text=&#8221;Fehst SGPS&#8221; font_container=&#8221;tag:h1|font_size:24|text_align:center&#8221; use_theme_fonts=&#8221;yes&#8221;][vc_column_text]O Grupo Fehst \u00e9 um grupo familiar sediado em Braga, que det\u00e9m o controlo da Fehst Componentes, Lda. (FCL), da Enancer Electr\u00f3nica S.A. e da Siroco &#8211; Soc. Ind. de Rob\u00f3tica.<\/p>\n<p>A FCL fabrica componentes decorativos para o interior do autom\u00f3vel; a Enancer desenvolve e comercializa solu\u00e7\u00f5es tecnol\u00f3gicas para Smart Home sob a marca ONLY Smart Home\u2122; e a Siroco, localizada em Aveiro, fornece solu\u00e7\u00f5es de automa\u00e7\u00e3o e robotiza\u00e7\u00e3o para clientes industriais.[\/vc_column_text][vc_row_inner][vc_column_inner width=&#8221;1\/3&#8243;][vc_single_image image=&#8221;15&#8243; img_size=&#8221;full&#8221; alignment=&#8221;center&#8221; onclick=&#8221;custom_link&#8221; link=&#8221;http:\/\/www.fehstgroup.com\/&#8221;][\/vc_column_inner][vc_column_inner width=&#8221;1\/3&#8243;][vc_single_image image=&#8221;383&#8243; img_size=&#8221;full&#8221; alignment=&#8221;center&#8221; onclick=&#8221;custom_link&#8221; img_link_target=&#8221;_blank&#8221; link=&#8221;http:\/\/www.only-smartbuildings.com\/&#8221;][\/vc_column_inner][vc_column_inner width=&#8221;1\/3&#8243;][vc_single_image image=&#8221;49&#8243; img_size=&#8221;full&#8221; alignment=&#8221;center&#8221; onclick=&#8221;custom_link&#8221; img_link_target=&#8221;_blank&#8221; link=&#8221;http:\/\/www.siroco.com.pt\/&#8221;][\/vc_column_inner][\/vc_row_inner][\/vc_column][\/vc_row][vc_row full_width=&#8221;stretch_row_content&#8221; css=&#8221;.vc_custom_1484159970271{padding-right: 200px !important;padding-left: 200px !important;}&#8221;][vc_column][\/vc_column][\/vc_row]<\/p>","protected":false},"excerpt":{"rendered":"<p>[vc_row][vc_column][vc_custom_heading text=&#8221;Fehst SGPS&#8221; font_container=&#8221;tag:h1|font_size:24|text_align:center&#8221; use_theme_fonts=&#8221;yes&#8221;][vc_column_text]O Grupo Fehst \u00e9 um grupo familiar sediado em Braga, que det\u00e9m o controlo da Fehst Componentes, Lda. (FCL), da Enancer Electr\u00f3nica S.A. e da Siroco &#8211; Soc. Ind. de Rob\u00f3tica. A FCL fabrica componentes decorativos para o interior do autom\u00f3vel; a Enancer desenvolve e comercializa solu\u00e7\u00f5es tecnol\u00f3gicas para Smart Home [&hellip;]<\/p>\n","protected":false},"author":1,"featured_media":0,"parent":41,"menu_order":0,"comment_status":"closed","ping_status":"closed","template":"","meta":{"footnotes":""},"class_list":["post-47","page","type-page","status-publish","hentry"],"aioseo_notices":[],"_links":{"self":[{"href":"https:\/\/www.fehstgroup.com\/pt\/wp-json\/wp\/v2\/pages\/47","targetHints":{"allow":["GET"]}}],"collection":[{"href":"https:\/\/www.fehstgroup.com\/pt\/wp-json\/wp\/v2\/pages"}],"about":[{"href":"https:\/\/www.fehstgroup.com\/pt\/wp-json\/wp\/v2\/types\/page"}],"author":[{"embeddable":true,"href":"https:\/\/www.fehstgroup.com\/pt\/wp-json\/wp\/v2\/users\/1"}],"replies":[{"embeddable":true,"href":"https:\/\/www.fehstgroup.com\/pt\/wp-json\/wp\/v2\/comments?post=47"}],"version-history":[{"count":5,"href":"https:\/\/www.fehstgroup.com\/pt\/wp-json\/wp\/v2\/pages\/47\/revisions"}],"predecessor-version":[{"id":384,"href":"https:\/\/www.fehstgroup.com\/pt\/wp-json\/wp\/v2\/pages\/47\/revisions\/384"}],"up":[{"embeddable":true,"href":"https:\/\/www.fehstgroup.com\/pt\/wp-json\/wp\/v2\/pages\/41"}],"wp:attachment":[{"href":"https:\/\/www.fehstgroup.com\/pt\/wp-json\/wp\/v2\/media?parent=47"}],"curies":[{"name":"wp","href":"https:\/\/api.w.org\/{rel}","templated":true}]}}