{"id":41,"date":"2017-01-11T18:37:26","date_gmt":"2017-01-11T18:37:26","guid":{"rendered":"http:\/\/emdesenvolvimento.pt\/fehst_v2\/?page_id=41"},"modified":"2020-04-29T10:45:10","modified_gmt":"2020-04-29T10:45:10","slug":"the-company","status":"publish","type":"page","link":"https:\/\/www.fehstgroup.com\/pt\/the-company\/","title":{"rendered":"A Empresa"},"content":{"rendered":"<p>[vc_row][vc_column width=&#8221;1\/2&#8243;][vc_column_text]A Fehst Componentes, Lda. (FCL) \u00e9 a maior empresa do grupo Fehst. Foi constitu\u00edda em 1995 a partir de um \u201cmanagement buyout\u201d da Grundig Componentes. Com mais de 20 anos de exist\u00eancia, a FCL \u00e9 um dos mais importantes fornecedores de componentes para a ind\u00fastria autom\u00f3vel em Portugal, exportando 95% da sua produ\u00e7\u00e3o para outros pa\u00edses da Europa.<\/p>\n<p>Especializa-se na produ\u00e7\u00e3o de sistemas e pe\u00e7as decorativas para o interior do autom\u00f3vel, tais como pain\u00e9is frontais HMI, m\u00f3dulos para volantes, m\u00f3dulos para tejadilhos, comandos de vidros e outros comandos e pain\u00e9is.<\/p>\n<p>Produz na sua f\u00e1brica em Braga, onde possui m\u00e1quinas de inje\u00e7\u00e3o Variotherm, sofisticadas linhas de pintura com cura UV, linhas de cromagem de pe\u00e7as pl\u00e1sticas, e linhas de montagem automatizadas.[\/vc_column_text][\/vc_column][vc_column width=&#8221;1\/2&#8243;][vc_single_image image=&#8221;24&#8243; img_size=&#8221;full&#8221; style=&#8221;vc_box_shadow&#8221;][\/vc_column][\/vc_row][vc_row][vc_column][vc_column_text]<\/p>\n<h2>Continuidade e futuro:<\/h2>\n<p>\u2022 A Fehst delineou como estrat\u00e9gia para o future pr\u00f3ximo, aumentar o valor acrescentado nos produtos em que participa, aprofundando a parceria com os clientes permitindo assim a integra\u00e7\u00e3o na fase da conce\u00e7\u00e3o do produto.<\/p>\n<p>\u2022 Melhoria da efici\u00eancia atrav\u00e9s da otimiza\u00e7\u00e3o dos processos de log\u00edstica.<\/p>\n<p>\u2022 Investimento em m\u00e1quinas de automa\u00e7\u00e3o<\/p>\n<p>\u2022 Aposta no refor\u00e7o da sua posi\u00e7\u00e3o competitiva atrav\u00e9s da excel\u00eancia dos seus processos e desenvolvimento das compet\u00eancias individuas dos seus colaboradores.[\/vc_column_text][\/vc_column][\/vc_row]<\/p>","protected":false},"excerpt":{"rendered":"<p>[vc_row][vc_column width=&#8221;1\/2&#8243;][vc_column_text]A Fehst Componentes, Lda. (FCL) \u00e9 a maior empresa do grupo Fehst. Foi constitu\u00edda em 1995 a partir de um \u201cmanagement buyout\u201d da Grundig Componentes. Com mais de 20 anos de exist\u00eancia, a FCL \u00e9 um dos mais importantes fornecedores de componentes para a ind\u00fastria autom\u00f3vel em Portugal, exportando 95% da sua produ\u00e7\u00e3o para [&hellip;]<\/p>\n","protected":false},"author":1,"featured_media":0,"parent":0,"menu_order":0,"comment_status":"closed","ping_status":"closed","template":"","meta":{"footnotes":""},"class_list":["post-41","page","type-page","status-publish","hentry"],"aioseo_notices":[],"_links":{"self":[{"href":"https:\/\/www.fehstgroup.com\/pt\/wp-json\/wp\/v2\/pages\/41","targetHints":{"allow":["GET"]}}],"collection":[{"href":"https:\/\/www.fehstgroup.com\/pt\/wp-json\/wp\/v2\/pages"}],"about":[{"href":"https:\/\/www.fehstgroup.com\/pt\/wp-json\/wp\/v2\/types\/page"}],"author":[{"embeddable":true,"href":"https:\/\/www.fehstgroup.com\/pt\/wp-json\/wp\/v2\/users\/1"}],"replies":[{"embeddable":true,"href":"https:\/\/www.fehstgroup.com\/pt\/wp-json\/wp\/v2\/comments?post=41"}],"version-history":[{"count":5,"href":"https:\/\/www.fehstgroup.com\/pt\/wp-json\/wp\/v2\/pages\/41\/revisions"}],"predecessor-version":[{"id":299,"href":"https:\/\/www.fehstgroup.com\/pt\/wp-json\/wp\/v2\/pages\/41\/revisions\/299"}],"wp:attachment":[{"href":"https:\/\/www.fehstgroup.com\/pt\/wp-json\/wp\/v2\/media?parent=41"}],"curies":[{"name":"wp","href":"https:\/\/api.w.org\/{rel}","templated":true}]}}