{"id":201,"date":"2017-03-16T17:09:55","date_gmt":"2017-03-16T17:09:55","guid":{"rendered":"http:\/\/emdesenvolvimento.pt\/fehst_v2\/?page_id=201"},"modified":"2020-04-29T10:45:10","modified_gmt":"2020-04-29T10:45:10","slug":"printingother-processes","status":"publish","type":"page","link":"https:\/\/www.fehstgroup.com\/pt\/technologies\/printingother-processes\/","title":{"rendered":"Grava\u00e7\u00e3o, estampagem e outros processos"},"content":{"rendered":"<p>[vc_row][vc_column width=&#8221;1\/2&#8243;][vc_column_text]Dominamos e executamos os processos de grava\u00e7\u00e3o e estampagem em componentes pl\u00e1sticos dentro das nossas pr\u00f3prias instala\u00e7\u00f5es, usando diversas tecnologias e integrando a opera\u00e7\u00e3o ao restante do processo de manufatura.<\/p>\n<ul>\n<li>Grava\u00e7\u00e3o com Laser (desenho dia&amp;noite)<\/li>\n<li>Tampografia<\/li>\n<li>Serigrafia<\/li>\n<li>Hot Stamping<\/li>\n<\/ul>\n<p>[\/vc_column_text][\/vc_column][vc_column width=&#8221;1\/2&#8243;][vc_gallery type=&#8221;nivo&#8221; interval=&#8221;3&#8243; images=&#8221;202,203&#8243; img_size=&#8221;full&#8221;][\/vc_column][\/vc_row][vc_row][vc_column width=&#8221;1\/2&#8243;][vc_video link=&#8221;https:\/\/www.youtube.com\/watch?v=Clu9O1IwhtA&#8221; title=&#8221;Grava\u00e7\u00e3o com Laser&#8221;][\/vc_column][vc_column width=&#8221;1\/2&#8243;][vc_video link=&#8221;https:\/\/www.youtube.com\/watch?v=2MWldzq2RCE&#8221; title=&#8221;Tampografia&#8221;][\/vc_column][\/vc_row]<\/p>","protected":false},"excerpt":{"rendered":"<p>[vc_row][vc_column width=&#8221;1\/2&#8243;][vc_column_text]Dominamos e executamos os processos de grava\u00e7\u00e3o e estampagem em componentes pl\u00e1sticos dentro das nossas pr\u00f3prias instala\u00e7\u00f5es, usando diversas tecnologias e integrando a opera\u00e7\u00e3o ao restante do processo de manufatura. Grava\u00e7\u00e3o com Laser (desenho dia&amp;noite) Tampografia Serigrafia Hot Stamping [\/vc_column_text][\/vc_column][vc_column width=&#8221;1\/2&#8243;][vc_gallery type=&#8221;nivo&#8221; interval=&#8221;3&#8243; images=&#8221;202,203&#8243; img_size=&#8221;full&#8221;][\/vc_column][\/vc_row][vc_row][vc_column width=&#8221;1\/2&#8243;][vc_video link=&#8221;https:\/\/www.youtube.com\/watch?v=Clu9O1IwhtA&#8221; title=&#8221;Grava\u00e7\u00e3o com Laser&#8221;][\/vc_column][vc_column width=&#8221;1\/2&#8243;][vc_video link=&#8221;https:\/\/www.youtube.com\/watch?v=2MWldzq2RCE&#8221; title=&#8221;Tampografia&#8221;][\/vc_column][\/vc_row]<\/p>\n","protected":false},"author":1,"featured_media":0,"parent":172,"menu_order":0,"comment_status":"closed","ping_status":"closed","template":"","meta":{"footnotes":""},"class_list":["post-201","page","type-page","status-publish","hentry"],"aioseo_notices":[],"_links":{"self":[{"href":"https:\/\/www.fehstgroup.com\/pt\/wp-json\/wp\/v2\/pages\/201","targetHints":{"allow":["GET"]}}],"collection":[{"href":"https:\/\/www.fehstgroup.com\/pt\/wp-json\/wp\/v2\/pages"}],"about":[{"href":"https:\/\/www.fehstgroup.com\/pt\/wp-json\/wp\/v2\/types\/page"}],"author":[{"embeddable":true,"href":"https:\/\/www.fehstgroup.com\/pt\/wp-json\/wp\/v2\/users\/1"}],"replies":[{"embeddable":true,"href":"https:\/\/www.fehstgroup.com\/pt\/wp-json\/wp\/v2\/comments?post=201"}],"version-history":[{"count":5,"href":"https:\/\/www.fehstgroup.com\/pt\/wp-json\/wp\/v2\/pages\/201\/revisions"}],"predecessor-version":[{"id":337,"href":"https:\/\/www.fehstgroup.com\/pt\/wp-json\/wp\/v2\/pages\/201\/revisions\/337"}],"up":[{"embeddable":true,"href":"https:\/\/www.fehstgroup.com\/pt\/wp-json\/wp\/v2\/pages\/172"}],"wp:attachment":[{"href":"https:\/\/www.fehstgroup.com\/pt\/wp-json\/wp\/v2\/media?parent=201"}],"curies":[{"name":"wp","href":"https:\/\/api.w.org\/{rel}","templated":true}]}}