{"id":193,"date":"2017-03-16T17:07:31","date_gmt":"2017-03-16T17:07:31","guid":{"rendered":"http:\/\/emdesenvolvimento.pt\/fehst_v2\/?page_id=193"},"modified":"2020-04-29T10:45:10","modified_gmt":"2020-04-29T10:45:10","slug":"assembly","status":"publish","type":"page","link":"https:\/\/www.fehstgroup.com\/pt\/technologies\/assembly\/","title":{"rendered":"Montagem"},"content":{"rendered":"<p>[vc_row][vc_column width=&#8221;1\/2&#8243;][vc_column_text]Temos a expertise e a capacidade para instalar linhas de montagem com diferentes tamanhos, n\u00edveis de complexidade e de automa\u00e7\u00e3o \u2013 desde postos de trabalho manuais a c\u00e9lulas aut\u00f3nomas e integradas.<\/p>\n<p>Como um fornecedor de sistemas, procuramos entregar montagens complexas com zero defeitos. Nossas linhas de montagem contam com salvaguardas e processos de inspe\u00e7\u00e3o de alta tecnologia que utilizam sistemas de vis\u00e3o artificial e de laser, desenvolvidos atrav\u00e9s de parceiras com institui\u00e7\u00f5es de desenvolvimento e investiga\u00e7\u00e3o. Contamos tamb\u00e9m com uma grande coopera\u00e7\u00e3o da <a href=\"http:\/\/www.siroco.com.pt\" target=\"_blank\" rel=\"noopener noreferrer\">Siroco<\/a>, uma empresa de automa\u00e7\u00e3o industrial que \u00e9 parte do Grupo Fehst.<\/p>\n<ul>\n<li>Linhas automatizadas, com robots ou manuais<\/li>\n<li>N\u00edveis de automa\u00e7\u00e3o customizados para otimizar custos<\/li>\n<li>Inspe\u00e7\u00f5es meticulosas com sistemas laser e com vis\u00e3o artificial<\/li>\n<li>Dete\u00e7\u00e3o de erros e falhas<\/li>\n<li>Total integra\u00e7\u00e3o com processos de manufatura \u201cupstream\u201d<\/li>\n<\/ul>\n<p><img loading=\"lazy\" decoding=\"async\" class=\" wp-image-194 alignleft\" src=\"https:\/\/emdesenvolvimento.pt\/fehst_v2\/wp-content\/uploads\/2017\/03\/UMinho-300x148.png\" alt=\"\" width=\"182\" height=\"90\" srcset=\"https:\/\/www.fehstgroup.com\/wp-content\/uploads\/2017\/03\/UMinho-200x98.png 200w, https:\/\/www.fehstgroup.com\/wp-content\/uploads\/2017\/03\/UMinho-300x148.png 300w, https:\/\/www.fehstgroup.com\/wp-content\/uploads\/2017\/03\/UMinho-400x197.png 400w, https:\/\/www.fehstgroup.com\/wp-content\/uploads\/2017\/03\/UMinho.png 490w\" sizes=\"auto, (max-width: 182px) 100vw, 182px\" \/><img loading=\"lazy\" decoding=\"async\" class=\" wp-image-49 alignleft\" src=\"https:\/\/emdesenvolvimento.pt\/fehst_v2\/wp-content\/uploads\/2017\/01\/brand_siroco_inst-1024x417-300x122.png\" alt=\"\" width=\"221\" height=\"90\" srcset=\"https:\/\/www.fehstgroup.com\/wp-content\/uploads\/2017\/01\/brand_siroco_inst-1024x417-300x122.png 300w, https:\/\/www.fehstgroup.com\/wp-content\/uploads\/2017\/01\/brand_siroco_inst-1024x417-768x313.png 768w, https:\/\/www.fehstgroup.com\/wp-content\/uploads\/2017\/01\/brand_siroco_inst-1024x417.png 1024w\" sizes=\"auto, (max-width: 221px) 100vw, 221px\" \/>[\/vc_column_text][\/vc_column][vc_column width=&#8221;1\/2&#8243;][vc_gallery type=&#8221;nivo&#8221; interval=&#8221;3&#8243; images=&#8221;195,196,197,198,199&#8243; img_size=&#8221;full&#8221;][\/vc_column][\/vc_row]<\/p>","protected":false},"excerpt":{"rendered":"<p>[vc_row][vc_column width=&#8221;1\/2&#8243;][vc_column_text]Temos a expertise e a capacidade para instalar linhas de montagem com diferentes tamanhos, n\u00edveis de complexidade e de automa\u00e7\u00e3o \u2013 desde postos de trabalho manuais a c\u00e9lulas aut\u00f3nomas e integradas. Como um fornecedor de sistemas, procuramos entregar montagens complexas com zero defeitos. Nossas linhas de montagem contam com salvaguardas e processos de inspe\u00e7\u00e3o [&hellip;]<\/p>\n","protected":false},"author":1,"featured_media":0,"parent":172,"menu_order":0,"comment_status":"closed","ping_status":"closed","template":"","meta":{"footnotes":""},"class_list":["post-193","page","type-page","status-publish","hentry"],"aioseo_notices":[],"_links":{"self":[{"href":"https:\/\/www.fehstgroup.com\/pt\/wp-json\/wp\/v2\/pages\/193","targetHints":{"allow":["GET"]}}],"collection":[{"href":"https:\/\/www.fehstgroup.com\/pt\/wp-json\/wp\/v2\/pages"}],"about":[{"href":"https:\/\/www.fehstgroup.com\/pt\/wp-json\/wp\/v2\/types\/page"}],"author":[{"embeddable":true,"href":"https:\/\/www.fehstgroup.com\/pt\/wp-json\/wp\/v2\/users\/1"}],"replies":[{"embeddable":true,"href":"https:\/\/www.fehstgroup.com\/pt\/wp-json\/wp\/v2\/comments?post=193"}],"version-history":[{"count":4,"href":"https:\/\/www.fehstgroup.com\/pt\/wp-json\/wp\/v2\/pages\/193\/revisions"}],"predecessor-version":[{"id":567,"href":"https:\/\/www.fehstgroup.com\/pt\/wp-json\/wp\/v2\/pages\/193\/revisions\/567"}],"up":[{"embeddable":true,"href":"https:\/\/www.fehstgroup.com\/pt\/wp-json\/wp\/v2\/pages\/172"}],"wp:attachment":[{"href":"https:\/\/www.fehstgroup.com\/pt\/wp-json\/wp\/v2\/media?parent=193"}],"curies":[{"name":"wp","href":"https:\/\/api.w.org\/{rel}","templated":true}]}}