{"id":189,"date":"2017-03-16T17:03:43","date_gmt":"2017-03-16T17:03:43","guid":{"rendered":"http:\/\/emdesenvolvimento.pt\/fehst_v2\/?page_id=189"},"modified":"2020-04-29T10:45:10","modified_gmt":"2020-04-29T10:45:10","slug":"automatic-uv-painting","status":"publish","type":"page","link":"https:\/\/www.fehstgroup.com\/pt\/technologies\/automatic-uv-painting\/","title":{"rendered":"Pintura autom\u00e1tica e com cura UV"},"content":{"rendered":"<p>[vc_row][vc_column width=&#8221;1\/2&#8243;][vc_column_text]Nossas linhas de pintura flat-bed est\u00e3o instaladas em salas com ambiente controlado para permitir um alto n\u00edvel de acabamento superficial.<\/p>\n<p>Temos grande experiencia de trabalho em equipa com os principais fornecedores de tintas habilitados pelos fabricantes de autom\u00f3veis.<\/p>\n<p>Oferecemos nosso know-how no design das m\u00e1scaras e suportes para tornar o processo mais eficiente e atender \u00e0s exig\u00eancias e especifica\u00e7\u00f5es de cada projeto.<\/p>\n<ul>\n<li>Flat-bed para Sistema de pintura com cura convencional<\/li>\n<li>Flat-bed para cura UV: sistemas mono-cura ou dupla-cura<\/li>\n<li>Processo de pr\u00e9-limpeza com CO\u2082<\/li>\n<li>Sistema de pintura com suspens\u00e3o de \u00e1gua<\/li>\n<li>Waterborne paint systems<\/li>\n<li>Partial painting surfaces with masking system<\/li>\n<\/ul>\n<p>[\/vc_column_text][\/vc_column][vc_column width=&#8221;1\/2&#8243;][vc_gallery type=&#8221;nivo&#8221; interval=&#8221;3&#8243; images=&#8221;190,191,176&#8243; img_size=&#8221;full&#8221;][\/vc_column][\/vc_row]<\/p>","protected":false},"excerpt":{"rendered":"<p>[vc_row][vc_column width=&#8221;1\/2&#8243;][vc_column_text]Nossas linhas de pintura flat-bed est\u00e3o instaladas em salas com ambiente controlado para permitir um alto n\u00edvel de acabamento superficial. Temos grande experiencia de trabalho em equipa com os principais fornecedores de tintas habilitados pelos fabricantes de autom\u00f3veis. Oferecemos nosso know-how no design das m\u00e1scaras e suportes para tornar o processo mais eficiente e [&hellip;]<\/p>\n","protected":false},"author":1,"featured_media":0,"parent":172,"menu_order":0,"comment_status":"closed","ping_status":"closed","template":"","meta":{"footnotes":""},"class_list":["post-189","page","type-page","status-publish","hentry"],"aioseo_notices":[],"_links":{"self":[{"href":"https:\/\/www.fehstgroup.com\/pt\/wp-json\/wp\/v2\/pages\/189","targetHints":{"allow":["GET"]}}],"collection":[{"href":"https:\/\/www.fehstgroup.com\/pt\/wp-json\/wp\/v2\/pages"}],"about":[{"href":"https:\/\/www.fehstgroup.com\/pt\/wp-json\/wp\/v2\/types\/page"}],"author":[{"embeddable":true,"href":"https:\/\/www.fehstgroup.com\/pt\/wp-json\/wp\/v2\/users\/1"}],"replies":[{"embeddable":true,"href":"https:\/\/www.fehstgroup.com\/pt\/wp-json\/wp\/v2\/comments?post=189"}],"version-history":[{"count":2,"href":"https:\/\/www.fehstgroup.com\/pt\/wp-json\/wp\/v2\/pages\/189\/revisions"}],"predecessor-version":[{"id":318,"href":"https:\/\/www.fehstgroup.com\/pt\/wp-json\/wp\/v2\/pages\/189\/revisions\/318"}],"up":[{"embeddable":true,"href":"https:\/\/www.fehstgroup.com\/pt\/wp-json\/wp\/v2\/pages\/172"}],"wp:attachment":[{"href":"https:\/\/www.fehstgroup.com\/pt\/wp-json\/wp\/v2\/media?parent=189"}],"curies":[{"name":"wp","href":"https:\/\/api.w.org\/{rel}","templated":true}]}}