{"id":183,"date":"2017-03-16T16:55:54","date_gmt":"2017-03-16T16:55:54","guid":{"rendered":"http:\/\/emdesenvolvimento.pt\/fehst_v2\/?page_id=183"},"modified":"2020-04-29T10:45:10","modified_gmt":"2020-04-29T10:45:10","slug":"plastic-chrome-plating","status":"publish","type":"page","link":"https:\/\/www.fehstgroup.com\/pt\/technologies\/plastic-chrome-plating\/","title":{"rendered":"Cromagem de pe\u00e7as pl\u00e1sticas"},"content":{"rendered":"<p>[vc_row][vc_column width=&#8221;1\/2&#8243;][vc_column_text]Nossa linha de eletrogalvaniza\u00e7\u00e3o de pe\u00e7as pl\u00e1sticas conta com processos de controlo estado-da-arte e sistemas de prote\u00e7\u00e3o ambiental para cumprir com todas as normas da ind\u00fastria autom\u00f3vel.<\/p>\n<ul>\n<li>Cr\u00f3mio Trivalente e Hexavalente<\/li>\n<li>Acabamento em alto brilho e fosco<\/li>\n<li>ABS, PC\/ABS<\/li>\n<li>Componentes 1K e 2K<\/li>\n<li>Cromagem seletiva<\/li>\n<li>Cr\u00f3mio III com banho em cloro<\/li>\n<\/ul>\n<p>[\/vc_column_text][vc_btn title=&#8221;Testes e Medidas&#8221; color=&#8221;primary&#8221; link=&#8221;url:http%3A%2F%2Fwww.fehstgroup.com%2Fcapabilities%2Fquality%2Ftests-and-measurements%2F||target:%20_blank|&#8221;][\/vc_column][vc_column width=&#8221;1\/2&#8243;][vc_gallery type=&#8221;nivo&#8221; interval=&#8221;3&#8243; images=&#8221;184,175,185,186,187&#8243; img_size=&#8221;full&#8221;][\/vc_column][\/vc_row]<\/p>","protected":false},"excerpt":{"rendered":"<p>[vc_row][vc_column width=&#8221;1\/2&#8243;][vc_column_text]Nossa linha de eletrogalvaniza\u00e7\u00e3o de pe\u00e7as pl\u00e1sticas conta com processos de controlo estado-da-arte e sistemas de prote\u00e7\u00e3o ambiental para cumprir com todas as normas da ind\u00fastria autom\u00f3vel. Cr\u00f3mio Trivalente e Hexavalente Acabamento em alto brilho e fosco ABS, PC\/ABS Componentes 1K e 2K Cromagem seletiva Cr\u00f3mio III com banho em cloro [\/vc_column_text][vc_btn title=&#8221;Testes e [&hellip;]<\/p>\n","protected":false},"author":1,"featured_media":0,"parent":172,"menu_order":0,"comment_status":"closed","ping_status":"closed","template":"","meta":{"footnotes":""},"class_list":["post-183","page","type-page","status-publish","hentry"],"aioseo_notices":[],"_links":{"self":[{"href":"https:\/\/www.fehstgroup.com\/pt\/wp-json\/wp\/v2\/pages\/183","targetHints":{"allow":["GET"]}}],"collection":[{"href":"https:\/\/www.fehstgroup.com\/pt\/wp-json\/wp\/v2\/pages"}],"about":[{"href":"https:\/\/www.fehstgroup.com\/pt\/wp-json\/wp\/v2\/types\/page"}],"author":[{"embeddable":true,"href":"https:\/\/www.fehstgroup.com\/pt\/wp-json\/wp\/v2\/users\/1"}],"replies":[{"embeddable":true,"href":"https:\/\/www.fehstgroup.com\/pt\/wp-json\/wp\/v2\/comments?post=183"}],"version-history":[{"count":3,"href":"https:\/\/www.fehstgroup.com\/pt\/wp-json\/wp\/v2\/pages\/183\/revisions"}],"predecessor-version":[{"id":343,"href":"https:\/\/www.fehstgroup.com\/pt\/wp-json\/wp\/v2\/pages\/183\/revisions\/343"}],"up":[{"embeddable":true,"href":"https:\/\/www.fehstgroup.com\/pt\/wp-json\/wp\/v2\/pages\/172"}],"wp:attachment":[{"href":"https:\/\/www.fehstgroup.com\/pt\/wp-json\/wp\/v2\/media?parent=183"}],"curies":[{"name":"wp","href":"https:\/\/api.w.org\/{rel}","templated":true}]}}