{"id":178,"date":"2017-03-16T16:51:20","date_gmt":"2017-03-16T16:51:20","guid":{"rendered":"http:\/\/emdesenvolvimento.pt\/fehst_v2\/?page_id=178"},"modified":"2020-04-29T10:45:10","modified_gmt":"2020-04-29T10:45:10","slug":"plastic-injection-moulding","status":"publish","type":"page","link":"https:\/\/www.fehstgroup.com\/pt\/technologies\/plastic-injection-moulding\/","title":{"rendered":"Inje\u00e7\u00e3o de pl\u00e1stico"},"content":{"rendered":"<p>[vc_row][vc_column width=&#8221;1\/2&#8243;][vc_column_text]Nosso foco \u00e9 na produ\u00e7\u00e3o de pe\u00e7as de precis\u00e3o com altos n\u00edveis de exig\u00eancia mec\u00e2nica e de acabamento est\u00e9tico.<\/p>\n<p>O n\u00edvel de automa\u00e7\u00e3o de cada c\u00e9lula de inje\u00e7\u00e3o pode variar de acordo com as exig\u00eancias de cada projeto para que se ofere\u00e7a uma solu\u00e7\u00e3o econ\u00f3mica otimizada.<\/p>\n<ul>\n<li>For\u00e7a de fecho das m\u00e1quinas: 20-300 t<\/li>\n<li>M\u00e1quina el\u00e9trica de inje\u00e7\u00e3o:\u00a0 50-160 t<\/li>\n<li>Inje\u00e7\u00e3o 2K: 75-200 t<\/li>\n<li>Inje\u00e7\u00e3o 3K: 100 t<\/li>\n<\/ul>\n<p>Inje\u00e7\u00e3o Variotherm para produzir superf\u00edcies pl\u00e1sticas livre de defeitos.[\/vc_column_text][\/vc_column][vc_column width=&#8221;1\/2&#8243;][vc_gallery type=&#8221;nivo&#8221; interval=&#8221;3&#8243; images=&#8221;173,179,180,181&#8243; img_size=&#8221;full&#8221;][\/vc_column][\/vc_row]<\/p>","protected":false},"excerpt":{"rendered":"<p>[vc_row][vc_column width=&#8221;1\/2&#8243;][vc_column_text]Nosso foco \u00e9 na produ\u00e7\u00e3o de pe\u00e7as de precis\u00e3o com altos n\u00edveis de exig\u00eancia mec\u00e2nica e de acabamento est\u00e9tico. O n\u00edvel de automa\u00e7\u00e3o de cada c\u00e9lula de inje\u00e7\u00e3o pode variar de acordo com as exig\u00eancias de cada projeto para que se ofere\u00e7a uma solu\u00e7\u00e3o econ\u00f3mica otimizada. For\u00e7a de fecho das m\u00e1quinas: 20-300 t M\u00e1quina [&hellip;]<\/p>\n","protected":false},"author":1,"featured_media":0,"parent":172,"menu_order":0,"comment_status":"closed","ping_status":"closed","template":"","meta":{"footnotes":""},"class_list":["post-178","page","type-page","status-publish","hentry"],"aioseo_notices":[],"_links":{"self":[{"href":"https:\/\/www.fehstgroup.com\/pt\/wp-json\/wp\/v2\/pages\/178","targetHints":{"allow":["GET"]}}],"collection":[{"href":"https:\/\/www.fehstgroup.com\/pt\/wp-json\/wp\/v2\/pages"}],"about":[{"href":"https:\/\/www.fehstgroup.com\/pt\/wp-json\/wp\/v2\/types\/page"}],"author":[{"embeddable":true,"href":"https:\/\/www.fehstgroup.com\/pt\/wp-json\/wp\/v2\/users\/1"}],"replies":[{"embeddable":true,"href":"https:\/\/www.fehstgroup.com\/pt\/wp-json\/wp\/v2\/comments?post=178"}],"version-history":[{"count":3,"href":"https:\/\/www.fehstgroup.com\/pt\/wp-json\/wp\/v2\/pages\/178\/revisions"}],"predecessor-version":[{"id":341,"href":"https:\/\/www.fehstgroup.com\/pt\/wp-json\/wp\/v2\/pages\/178\/revisions\/341"}],"up":[{"embeddable":true,"href":"https:\/\/www.fehstgroup.com\/pt\/wp-json\/wp\/v2\/pages\/172"}],"wp:attachment":[{"href":"https:\/\/www.fehstgroup.com\/pt\/wp-json\/wp\/v2\/media?parent=178"}],"curies":[{"name":"wp","href":"https:\/\/api.w.org\/{rel}","templated":true}]}}