{"id":172,"date":"2017-03-16T16:43:01","date_gmt":"2017-03-16T16:43:01","guid":{"rendered":"http:\/\/emdesenvolvimento.pt\/fehst_v2\/?page_id=172"},"modified":"2020-04-29T10:45:10","modified_gmt":"2020-04-29T10:45:10","slug":"technologies","status":"publish","type":"page","link":"https:\/\/www.fehstgroup.com\/pt\/technologies\/","title":{"rendered":"Tecnologias"},"content":{"rendered":"<p>[vc_row][vc_column width=&#8221;1\/2&#8243;][vc_column_text]Produzimos pe\u00e7as pl\u00e1sticas injetadas com 2 ou com 3 componentes, e em m\u00e1quinas \u201cVariotherm\u201d. Temos sofisticados processos de acabamento superficial que incluem pintura autom\u00e1tica ou com cura UV, al\u00e9m da cromagem seletiva de pe\u00e7as pl\u00e1sticas 2k\/3k. A \u00e1rea de montagem de conjuntos conta com 100% de inspe\u00e7\u00e3o \u00f3tica autom\u00e1tica.<\/p>\n<p>Nossas principais \u00e1reas de expertise s\u00e3o:<\/p>\n<ul>\n<li><a href=\"http:\/\/www.fehstgroup.com\/technologies\/plastic-injection-moulding\/\">Inje\u00e7\u00e3o termopl\u00e1stico: M\u00e1quinas bi-material\/tri-material <\/a><\/li>\n<li><a href=\"http:\/\/www.fehstgroup.com\/technologies\/plastic-chrome-plating\/\">Cromagem: Metaliza\u00e7\u00e3o eletrol\u00edtica de pe\u00e7as pl\u00e1sticas<\/a><\/li>\n<li><a href=\"http:\/\/www.fehstgroup.com\/technologies\/automatic-uv-painting\/\">Pintura: Tinta \u00e0 base de \u00e1gua, tintas de dois componentes, tinta de alto brilho (piano black) e tinta de endurecimento UV<\/a><\/li>\n<li><a href=\"http:\/\/www.fehstgroup.com\/technologies\/assembly\/\">Montagem<\/a><\/li>\n<li><a href=\"http:\/\/www.fehstgroup.com\/technologies\/printingother-processes\/\">Grava\u00e7\u00e3o, estampagem e outros processos<\/a><\/li>\n<\/ul>\n<p>[\/vc_column_text][\/vc_column][vc_column width=&#8221;1\/2&#8243;][vc_gallery type=&#8221;nivo&#8221; interval=&#8221;3&#8243; images=&#8221;173,175,176,174&#8243; img_size=&#8221;full&#8221;][\/vc_column][\/vc_row]<\/p>","protected":false},"excerpt":{"rendered":"<p>[vc_row][vc_column width=&#8221;1\/2&#8243;][vc_column_text]Produzimos pe\u00e7as pl\u00e1sticas injetadas com 2 ou com 3 componentes, e em m\u00e1quinas \u201cVariotherm\u201d. Temos sofisticados processos de acabamento superficial que incluem pintura autom\u00e1tica ou com cura UV, al\u00e9m da cromagem seletiva de pe\u00e7as pl\u00e1sticas 2k\/3k. A \u00e1rea de montagem de conjuntos conta com 100% de inspe\u00e7\u00e3o \u00f3tica autom\u00e1tica. Nossas principais \u00e1reas de expertise [&hellip;]<\/p>\n","protected":false},"author":1,"featured_media":0,"parent":0,"menu_order":0,"comment_status":"closed","ping_status":"closed","template":"","meta":{"footnotes":""},"class_list":["post-172","page","type-page","status-publish","hentry"],"aioseo_notices":[],"_links":{"self":[{"href":"https:\/\/www.fehstgroup.com\/pt\/wp-json\/wp\/v2\/pages\/172","targetHints":{"allow":["GET"]}}],"collection":[{"href":"https:\/\/www.fehstgroup.com\/pt\/wp-json\/wp\/v2\/pages"}],"about":[{"href":"https:\/\/www.fehstgroup.com\/pt\/wp-json\/wp\/v2\/types\/page"}],"author":[{"embeddable":true,"href":"https:\/\/www.fehstgroup.com\/pt\/wp-json\/wp\/v2\/users\/1"}],"replies":[{"embeddable":true,"href":"https:\/\/www.fehstgroup.com\/pt\/wp-json\/wp\/v2\/comments?post=172"}],"version-history":[{"count":2,"href":"https:\/\/www.fehstgroup.com\/pt\/wp-json\/wp\/v2\/pages\/172\/revisions"}],"predecessor-version":[{"id":314,"href":"https:\/\/www.fehstgroup.com\/pt\/wp-json\/wp\/v2\/pages\/172\/revisions\/314"}],"wp:attachment":[{"href":"https:\/\/www.fehstgroup.com\/pt\/wp-json\/wp\/v2\/media?parent=172"}],"curies":[{"name":"wp","href":"https:\/\/api.w.org\/{rel}","templated":true}]}}