{"id":165,"date":"2017-03-10T18:45:49","date_gmt":"2017-03-10T18:45:49","guid":{"rendered":"http:\/\/emdesenvolvimento.pt\/fehst_v2\/?page_id=165"},"modified":"2023-12-18T16:10:21","modified_gmt":"2023-12-18T16:10:21","slug":"contacts","status":"publish","type":"page","link":"https:\/\/www.fehstgroup.com\/pt\/contacts\/","title":{"rendered":"Contactos"},"content":{"rendered":"<p>[vc_row][vc_column][vc_column_text]<strong>Como chegar?<\/strong><\/p>\n<p>Clique aqui:\u00a0<a href=\"https:\/\/maps.app.goo.gl\/B8swF8ZbhG9ktqdJ8\" target=\"_blank\" rel=\"noopener\">https:\/\/maps.app.goo.gl\/B8swF8ZbhG9ktqdJ8<\/a><\/p>\n<p>GPS: 41\u00ba32&#8217;3.455&#8243;N 8\u00ba26&#8217;7.091&#8243;W<\/p>\n<p>A Fehst Componentes localiza-se na cidade de Braga. Aconselhamos que opte por se deslocar at\u00e9 \u00e0s nossas instala\u00e7\u00f5es da forma mais sustent\u00e1vel que lhe for poss\u00edvel.[\/vc_column_text][\/vc_column][\/vc_row][vc_row][vc_column][vc_gmaps link=&#8221;#E-8_JTNDaWZyYW1lJTIwc3JjJTNEJTIyaHR0cHMlM0ElMkYlMkZ3d3cuZ29vZ2xlLmNvbSUyRm1hcHMlMkZlbWJlZCUzRnBiJTNEJTIxMW0xOCUyMTFtMTIlMjExbTMlMjExZDI5ODYuNjQ2NjE2MTY4MTM3JTIxMmQtOC40Mzc1Mzg2ODQ0MDY0MDUlMjEzZDQxLjUzMzU5NDc5NDg4MTIyJTIxMm0zJTIxMWYwJTIxMmYwJTIxM2YwJTIxM20yJTIxMWkxMDI0JTIxMmk3NjglMjE0ZjEzLjElMjEzbTMlMjExbTIlMjExczB4ZDI0ZmVkNDY5MDcwZGY3JTI1M0EweDZmMGIyZmI0MWI4MzM4ZjYlMjEyc0ZlaHN0JTI1MjBDb21wb25lbnRlcyUyNTJDJTI1MjBMZGElMjE1ZTAlMjEzbTIlMjExc3B0LVBUJTIxMnNwdCUyMTR2MTU4NzU1MzQyODg2OCUyMTVtMiUyMTFzcHQtUFQlMjEyc3B0JTIyJTIwd2lkdGglM0QlMjI2MDAlMjIlMjBoZWlnaHQlM0QlMjI0NTAlMjIlMjBmcmFtZWJvcmRlciUzRCUyMjAlMjIlMjBzdHlsZSUzRCUyMmJvcmRlciUzQTAlM0IlMjIlMjBhcmlhLWhpZGRlbiUzRCUyMmZhbHNlJTIyJTIwdGFiaW5kZXglM0QlMjIwJTIyJTIwYWxsb3dmdWxsc2NyZWVuJTNFJTNDJTJGaWZyYW1lJTNF&#8221;][\/vc_column][\/vc_row][vc_row][vc_column width=&#8221;2\/3&#8243;]\n<div class=\"wpcf7 no-js\" id=\"wpcf7-f323-o2\" lang=\"en-US\" dir=\"ltr\" data-wpcf7-id=\"323\">\n<div class=\"screen-reader-response\"><p role=\"status\" aria-live=\"polite\" aria-atomic=\"true\"><\/p> <ul><\/ul><\/div>\n<form action=\"\/pt\/wp-json\/wp\/v2\/pages\/165#wpcf7-f323-o2\" method=\"post\" class=\"wpcf7-form init\" aria-label=\"Contact form\" novalidate=\"novalidate\" data-status=\"init\">\n<fieldset class=\"hidden-fields-container\"><input type=\"hidden\" name=\"_wpcf7\" value=\"323\" \/><input type=\"hidden\" name=\"_wpcf7_version\" value=\"6.1.5\" \/><input type=\"hidden\" name=\"_wpcf7_locale\" value=\"en_US\" \/><input type=\"hidden\" name=\"_wpcf7_unit_tag\" value=\"wpcf7-f323-o2\" \/><input type=\"hidden\" name=\"_wpcf7_container_post\" value=\"0\" \/><input type=\"hidden\" name=\"_wpcf7_posted_data_hash\" value=\"\" \/>\n<\/fieldset>\n<p><label> Nome *<br \/>\n<span class=\"wpcf7-form-control-wrap\" data-name=\"your-name\"><input size=\"40\" maxlength=\"400\" class=\"wpcf7-form-control wpcf7-text wpcf7-validates-as-required\" aria-required=\"true\" aria-invalid=\"false\" value=\"\" type=\"text\" name=\"your-name\" \/><\/span> <\/label>\n<\/p>\n<p><label> Email *<br \/>\n<span class=\"wpcf7-form-control-wrap\" data-name=\"your-email\"><input size=\"40\" maxlength=\"400\" class=\"wpcf7-form-control wpcf7-email wpcf7-validates-as-required wpcf7-text wpcf7-validates-as-email\" aria-required=\"true\" aria-invalid=\"false\" value=\"\" type=\"email\" name=\"your-email\" \/><\/span> <\/label>\n<\/p>\n<p><label> Assunto<br \/>\n<span class=\"wpcf7-form-control-wrap\" data-name=\"your-subject\"><input size=\"40\" maxlength=\"400\" class=\"wpcf7-form-control wpcf7-text\" aria-invalid=\"false\" value=\"\" type=\"text\" name=\"your-subject\" \/><\/span> <\/label>\n<\/p>\n<p><label> Mensagem<br \/>\n<span class=\"wpcf7-form-control-wrap\" data-name=\"your-message\"><textarea cols=\"40\" rows=\"10\" maxlength=\"2000\" class=\"wpcf7-form-control wpcf7-textarea\" aria-invalid=\"false\" name=\"your-message\"><\/textarea><\/span> <\/label>\n<\/p>\n<p>* Obrigat\u00f3rio\n<\/p>\n<p><input class=\"wpcf7-form-control wpcf7-submit has-spinner\" type=\"submit\" value=\"Enviar\" \/>\n<\/p><p style=\"display: none !important;\" class=\"akismet-fields-container\" data-prefix=\"_wpcf7_ak_\"><label>&#916;<textarea name=\"_wpcf7_ak_hp_textarea\" cols=\"45\" rows=\"8\" maxlength=\"100\"><\/textarea><\/label><input type=\"hidden\" id=\"ak_js_2\" name=\"_wpcf7_ak_js\" value=\"136\"\/><script type=\"text\/javascript\">\n\/* <![CDATA[ *\/\ndocument.getElementById( \"ak_js_2\" ).setAttribute( \"value\", ( new Date() ).getTime() );\n\/* ]]> *\/\n<\/script>\n<\/p><div class=\"wpcf7-response-output\" aria-hidden=\"true\"><\/div>\n<\/form>\n<\/div>\n[\/vc_column][vc_column width=&#8221;1\/3&#8243;][vc_column_text]<\/p>\n<p class=\"auto-style13\"><strong>e-mail<\/strong><\/p>\n<p class=\"auto-style15\"><a href=\"mailto:Fehst.comp@fehstgroup.com\">fehst.comp@fehstgroup.com<\/a>\u00a0Geral<\/p>\n<p><strong><span class=\"auto-style16\">endere\u00e7o<\/span><\/strong><\/p>\n<p><span class=\"auto-style16\">Rua Max Grundig, n\u00ba\u00a09<\/span><br \/>\n4705-820 Braga \u2013 Portugal<br \/>\nGPS:\u00a041\u00b032\u20194.74\u2033N \u2013 8\u00b026\u201914.59\u2033W<\/p>\n<p><strong><span class=\"auto-style16\">tel.:<\/span><\/strong><span class=\"auto-style16\">\u00a0+351 253 606 600<br \/>\n<\/span><strong><span class=\"auto-style10\">f<\/span><span class=\"auto-style16\">ax:<\/span><\/strong><span class=\"auto-style16\">\u00a0+351 253 606 666<\/span>[\/vc_column_text][\/vc_column][\/vc_row][vc_row][vc_column][vc_tta_accordion active_section=&#8221;10&#8243; collapsible_all=&#8221;true&#8221;][vc_tta_section title=&#8221;Informa\u00e7\u00e3o ao consumidor&#8221; tab_id=&#8221;1489171506610-7bcd5f8d-703c&#8221;][vc_column_text]<\/p>\n<p class=\"\">Em caso de lit\u00edgio de consumo, o consumidor pode recorrer \u00e0 seguinte entidade de resolu\u00e7\u00e3o alternativa de lit\u00edgios de consumo:<\/p>\n<p class=\"\">CENTRO DE ARBITRAGEM DE CONFLITOS DE CONSUMO DE LISBOA<br class=\"\" \/>TELEFONE: 218807030<br class=\"\" \/>EMAIL:\u00a0<a class=\"\" href=\"mailto:juridico@centroarbitragemlisboa.pt\">juridico@centroarbitragemlisboa.pt<\/a>\/director@centroarbitragemlisboa.pt<br class=\"\" \/>WEB:\u00a0<a class=\"\" href=\"http:\/\/www.centroarbitragemlisboa.pt\/\">www.centroarbitragemlisboa.pt<\/a><br class=\"\" \/>Para atualiza\u00e7\u00f5es e mais informa\u00e7\u00f5es, consulte o Portal do Consumidor em\u00a0<a class=\"\" href=\"http:\/\/www.consumidor.pt\/\">www.consumidor.pt<\/a><br class=\"\" \/>(ao abrigo do artigo 18.\u00ba da Lei n.\u00ba 144\/2015, de 8 de setembro)<\/p>\n<p>[\/vc_column_text][\/vc_tta_section][\/vc_tta_accordion][\/vc_column][\/vc_row]<\/p>","protected":false},"excerpt":{"rendered":"<p>[vc_row][vc_column][vc_column_text]Como chegar? Clique aqui:\u00a0https:\/\/maps.app.goo.gl\/B8swF8ZbhG9ktqdJ8 GPS: 41\u00ba32&#8217;3.455&#8243;N 8\u00ba26&#8217;7.091&#8243;W A Fehst Componentes localiza-se na cidade de Braga. Aconselhamos que opte por se deslocar at\u00e9 \u00e0s nossas instala\u00e7\u00f5es da forma mais sustent\u00e1vel que lhe for poss\u00edvel.[\/vc_column_text][\/vc_column][\/vc_row][vc_row][vc_column][vc_gmaps link=&#8221;#E-8_JTNDaWZyYW1lJTIwc3JjJTNEJTIyaHR0cHMlM0ElMkYlMkZ3d3cuZ29vZ2xlLmNvbSUyRm1hcHMlMkZlbWJlZCUzRnBiJTNEJTIxMW0xOCUyMTFtMTIlMjExbTMlMjExZDI5ODYuNjQ2NjE2MTY4MTM3JTIxMmQtOC40Mzc1Mzg2ODQ0MDY0MDUlMjEzZDQxLjUzMzU5NDc5NDg4MTIyJTIxMm0zJTIxMWYwJTIxMmYwJTIxM2YwJTIxM20yJTIxMWkxMDI0JTIxMmk3NjglMjE0ZjEzLjElMjEzbTMlMjExbTIlMjExczB4ZDI0ZmVkNDY5MDcwZGY3JTI1M0EweDZmMGIyZmI0MWI4MzM4ZjYlMjEyc0ZlaHN0JTI1MjBDb21wb25lbnRlcyUyNTJDJTI1MjBMZGElMjE1ZTAlMjEzbTIlMjExc3B0LVBUJTIxMnNwdCUyMTR2MTU4NzU1MzQyODg2OCUyMTVtMiUyMTFzcHQtUFQlMjEyc3B0JTIyJTIwd2lkdGglM0QlMjI2MDAlMjIlMjBoZWlnaHQlM0QlMjI0NTAlMjIlMjBmcmFtZWJvcmRlciUzRCUyMjAlMjIlMjBzdHlsZSUzRCUyMmJvcmRlciUzQTAlM0IlMjIlMjBhcmlhLWhpZGRlbiUzRCUyMmZhbHNlJTIyJTIwdGFiaW5kZXglM0QlMjIwJTIyJTIwYWxsb3dmdWxsc2NyZWVuJTNFJTNDJTJGaWZyYW1lJTNF&#8221;][\/vc_column][\/vc_row][vc_row][vc_column width=&#8221;2\/3&#8243;][\/vc_column][vc_column width=&#8221;1\/3&#8243;][vc_column_text] e-mail fehst.comp@fehstgroup.com\u00a0Geral endere\u00e7o Rua Max Grundig, n\u00ba\u00a09 4705-820 Braga \u2013 Portugal GPS:\u00a041\u00b032\u20194.74\u2033N \u2013 8\u00b026\u201914.59\u2033W tel.:\u00a0+351 253 606 600 fax:\u00a0+351 [&hellip;]<\/p>\n","protected":false},"author":1,"featured_media":0,"parent":0,"menu_order":0,"comment_status":"closed","ping_status":"closed","template":"","meta":{"footnotes":""},"class_list":["post-165","page","type-page","status-publish","hentry"],"aioseo_notices":[],"_links":{"self":[{"href":"https:\/\/www.fehstgroup.com\/pt\/wp-json\/wp\/v2\/pages\/165","targetHints":{"allow":["GET"]}}],"collection":[{"href":"https:\/\/www.fehstgroup.com\/pt\/wp-json\/wp\/v2\/pages"}],"about":[{"href":"https:\/\/www.fehstgroup.com\/pt\/wp-json\/wp\/v2\/types\/page"}],"author":[{"embeddable":true,"href":"https:\/\/www.fehstgroup.com\/pt\/wp-json\/wp\/v2\/users\/1"}],"replies":[{"embeddable":true,"href":"https:\/\/www.fehstgroup.com\/pt\/wp-json\/wp\/v2\/comments?post=165"}],"version-history":[{"count":30,"href":"https:\/\/www.fehstgroup.com\/pt\/wp-json\/wp\/v2\/pages\/165\/revisions"}],"predecessor-version":[{"id":794,"href":"https:\/\/www.fehstgroup.com\/pt\/wp-json\/wp\/v2\/pages\/165\/revisions\/794"}],"wp:attachment":[{"href":"https:\/\/www.fehstgroup.com\/pt\/wp-json\/wp\/v2\/media?parent=165"}],"curies":[{"name":"wp","href":"https:\/\/api.w.org\/{rel}","templated":true}]}}