{"id":159,"date":"2017-03-10T18:40:31","date_gmt":"2017-03-10T18:40:31","guid":{"rendered":"http:\/\/emdesenvolvimento.pt\/fehst_v2\/?page_id=159"},"modified":"2020-04-29T10:45:10","modified_gmt":"2020-04-29T10:45:10","slug":"supply-chain","status":"publish","type":"page","link":"https:\/\/www.fehstgroup.com\/pt\/capabilities\/supply-chain\/","title":{"rendered":"Cadeia de fornecimento"},"content":{"rendered":"<p>[vc_row][vc_column width=&#8221;1\/2&#8243;][vc_column_text]Oferecemos uma gest\u00e3o completa e integrada da cadeia de fornecimento que inclui:<\/p>\n<ul>\n<li>Gest\u00e3o de material e componentes<\/li>\n<li>Rastreabilidade total do material em processo<\/li>\n<li>Planeamento eficiente de produ\u00e7\u00e3o e flexibilidade da capacidade<\/li>\n<li>Gest\u00e3o das embalagens retorn\u00e1veis<\/li>\n<li>Gest\u00e3o do transporte<\/li>\n<li>Preparado para EDI<\/li>\n<\/ul>\n<p>[\/vc_column_text][\/vc_column][vc_column width=&#8221;1\/2&#8243;][vc_gallery type=&#8221;nivo&#8221; interval=&#8221;3&#8243; images=&#8221;160,161,162&#8243; img_size=&#8221;full&#8221;][\/vc_column][\/vc_row]<\/p>","protected":false},"excerpt":{"rendered":"<p>[vc_row][vc_column width=&#8221;1\/2&#8243;][vc_column_text]Oferecemos uma gest\u00e3o completa e integrada da cadeia de fornecimento que inclui: Gest\u00e3o de material e componentes Rastreabilidade total do material em processo Planeamento eficiente de produ\u00e7\u00e3o e flexibilidade da capacidade Gest\u00e3o das embalagens retorn\u00e1veis Gest\u00e3o do transporte Preparado para EDI [\/vc_column_text][\/vc_column][vc_column width=&#8221;1\/2&#8243;][vc_gallery type=&#8221;nivo&#8221; interval=&#8221;3&#8243; images=&#8221;160,161,162&#8243; img_size=&#8221;full&#8221;][\/vc_column][\/vc_row]<\/p>\n","protected":false},"author":1,"featured_media":0,"parent":118,"menu_order":0,"comment_status":"closed","ping_status":"closed","template":"","meta":{"footnotes":""},"class_list":["post-159","page","type-page","status-publish","hentry"],"aioseo_notices":[],"_links":{"self":[{"href":"https:\/\/www.fehstgroup.com\/pt\/wp-json\/wp\/v2\/pages\/159","targetHints":{"allow":["GET"]}}],"collection":[{"href":"https:\/\/www.fehstgroup.com\/pt\/wp-json\/wp\/v2\/pages"}],"about":[{"href":"https:\/\/www.fehstgroup.com\/pt\/wp-json\/wp\/v2\/types\/page"}],"author":[{"embeddable":true,"href":"https:\/\/www.fehstgroup.com\/pt\/wp-json\/wp\/v2\/users\/1"}],"replies":[{"embeddable":true,"href":"https:\/\/www.fehstgroup.com\/pt\/wp-json\/wp\/v2\/comments?post=159"}],"version-history":[{"count":2,"href":"https:\/\/www.fehstgroup.com\/pt\/wp-json\/wp\/v2\/pages\/159\/revisions"}],"predecessor-version":[{"id":313,"href":"https:\/\/www.fehstgroup.com\/pt\/wp-json\/wp\/v2\/pages\/159\/revisions\/313"}],"up":[{"embeddable":true,"href":"https:\/\/www.fehstgroup.com\/pt\/wp-json\/wp\/v2\/pages\/118"}],"wp:attachment":[{"href":"https:\/\/www.fehstgroup.com\/pt\/wp-json\/wp\/v2\/media?parent=159"}],"curies":[{"name":"wp","href":"https:\/\/api.w.org\/{rel}","templated":true}]}}