{"id":154,"date":"2017-03-10T18:27:45","date_gmt":"2017-03-10T18:27:45","guid":{"rendered":"http:\/\/emdesenvolvimento.pt\/fehst_v2\/?page_id=154"},"modified":"2020-04-29T10:45:10","modified_gmt":"2020-04-29T10:45:10","slug":"tests-and-measurements","status":"publish","type":"page","link":"https:\/\/www.fehstgroup.com\/pt\/capabilities\/quality\/tests-and-measurements\/","title":{"rendered":"Testes e medidas"},"content":{"rendered":"<p>[vc_row][vc_column width=&#8221;1\/2&#8243;][vc_column_text]Somos capazes de realizar todos os testes requeridos pelos clientes em nossos laborat\u00f3rios, tais como:<\/p>\n<ul>\n<li>Medidas com microsc\u00f3pio 2D e 3D<\/li>\n<li>Medidas de superf\u00edcie: cor, brilho, espessura, rugosidade<\/li>\n<li>Medida de luminesc\u00eancia<\/li>\n<li>Controlo \u00f3tico de superf\u00edcie por c\u00e2mara<\/li>\n<li>Teste de superf\u00edcie<\/li>\n<\/ul>\n<p>[\/vc_column_text][\/vc_column][vc_column width=&#8221;1\/2&#8243;][vc_gallery type=&#8221;nivo&#8221; interval=&#8221;3&#8243; images=&#8221;155,156&#8243; img_size=&#8221;full&#8221;][\/vc_column][\/vc_row]<\/p>","protected":false},"excerpt":{"rendered":"<p>[vc_row][vc_column width=&#8221;1\/2&#8243;][vc_column_text]Somos capazes de realizar todos os testes requeridos pelos clientes em nossos laborat\u00f3rios, tais como: Medidas com microsc\u00f3pio 2D e 3D Medidas de superf\u00edcie: cor, brilho, espessura, rugosidade Medida de luminesc\u00eancia Controlo \u00f3tico de superf\u00edcie por c\u00e2mara Teste de superf\u00edcie [\/vc_column_text][\/vc_column][vc_column width=&#8221;1\/2&#8243;][vc_gallery type=&#8221;nivo&#8221; interval=&#8221;3&#8243; images=&#8221;155,156&#8243; img_size=&#8221;full&#8221;][\/vc_column][\/vc_row]<\/p>\n","protected":false},"author":1,"featured_media":0,"parent":139,"menu_order":0,"comment_status":"closed","ping_status":"closed","template":"","meta":{"footnotes":""},"class_list":["post-154","page","type-page","status-publish","hentry"],"aioseo_notices":[],"_links":{"self":[{"href":"https:\/\/www.fehstgroup.com\/pt\/wp-json\/wp\/v2\/pages\/154","targetHints":{"allow":["GET"]}}],"collection":[{"href":"https:\/\/www.fehstgroup.com\/pt\/wp-json\/wp\/v2\/pages"}],"about":[{"href":"https:\/\/www.fehstgroup.com\/pt\/wp-json\/wp\/v2\/types\/page"}],"author":[{"embeddable":true,"href":"https:\/\/www.fehstgroup.com\/pt\/wp-json\/wp\/v2\/users\/1"}],"replies":[{"embeddable":true,"href":"https:\/\/www.fehstgroup.com\/pt\/wp-json\/wp\/v2\/comments?post=154"}],"version-history":[{"count":2,"href":"https:\/\/www.fehstgroup.com\/pt\/wp-json\/wp\/v2\/pages\/154\/revisions"}],"predecessor-version":[{"id":311,"href":"https:\/\/www.fehstgroup.com\/pt\/wp-json\/wp\/v2\/pages\/154\/revisions\/311"}],"up":[{"embeddable":true,"href":"https:\/\/www.fehstgroup.com\/pt\/wp-json\/wp\/v2\/pages\/139"}],"wp:attachment":[{"href":"https:\/\/www.fehstgroup.com\/pt\/wp-json\/wp\/v2\/media?parent=154"}],"curies":[{"name":"wp","href":"https:\/\/api.w.org\/{rel}","templated":true}]}}