{"id":139,"date":"2017-03-10T18:19:21","date_gmt":"2017-03-10T18:19:21","guid":{"rendered":"http:\/\/emdesenvolvimento.pt\/fehst_v2\/?page_id=139"},"modified":"2025-07-22T08:51:59","modified_gmt":"2025-07-22T08:51:59","slug":"quality","status":"publish","type":"page","link":"https:\/\/www.fehstgroup.com\/pt\/capabilities\/quality\/","title":{"rendered":"Qualidade"},"content":{"rendered":"<p>[vc_row][vc_column][vc_column_text]<\/p>\r\n\r\n<p>\u00a0 [\/vc_column_text][\/vc_column][\/vc_row][vc_row][vc_column width=&#8221;1\/2&#8243;][vc_column_text]O \u00e2mbito do Sistema de Gest\u00e3o Integrado da Fehst\u00a0<strong><u>\u2013 Qualidade \u2013 Ambiente \u2013 Higiene e Seguran\u00e7a no trabalho \u2013 Seguran\u00e7a da informa\u00e7\u00e3o \u2013<\/u><\/strong>\u00a0 \u00e9 o desenvolvimento e a produ\u00e7\u00e3o de pe\u00e7as pl\u00e1sticas por inje\u00e7\u00e3o, acabamentos de superf\u00edcie, montagem de m\u00f3dulos \/ produtos mec\u00e2nicos e a cromagem de pe\u00e7as pl\u00e1sticas, considerando os requisitos das partes interessadas relevantes, seus riscos potenciais e impactos. A Pol\u00edtica integrada de gest\u00e3o da Fehst consiste na persegui\u00e7\u00e3o cont\u00ednua dos seguintes objetivos:<\/p>\r\n<ul>\r\n<li>Garantir o cumprimento dos requisitos dos clientes, inovando de modo a melhorar continuamente as solu\u00e7\u00f5es apresentadas.<\/li>\r\n<li>Estabelecer metodologias, que permitam prevenir, eliminar, ou reduzir a n\u00edveis aceit\u00e1veis, os riscos inerentes \u00e0 atividade da empresa.<\/li>\r\n<li>Ausculta\u00e7\u00e3o regular das expectativas dos clientes e outras partes interessadas, adaptando a atividade \u00e0s necessidades atuais e futuras.<\/li>\r\n<li>Assegurar a sa\u00fade e seguran\u00e7a dos colaboradores. Garantir a agilidade da organiza\u00e7\u00e3o na resposta \u00e0s dificuldades e obst\u00e1culos com que se depare.<\/li>\r\n<li>Fomentar de forma crescente e proactiva as compet\u00eancias digitais dos colaboradores, de forma a que a organiza\u00e7\u00e3o responda \u00e0s exig\u00eancias da Ind\u00fastria 4.0.<\/li>\r\n<li>Promover a cultura da melhoria cont\u00ednua no exerc\u00edcio das diversas atividades, nomeadamente, nas respeitantes \u00e0 Gest\u00e3o da Qualidade, Ambiente, Higiene e Seguran\u00e7a no Trabalho e Seguran\u00e7a da Informa\u00e7\u00e3o, atrav\u00e9s do estabelecimento, acompanhamento e revis\u00e3o dos seus objetivos.<\/li>\r\n<li>Incentivar o trabalho em equipa e o envolvimento de todos os colaboradores na persegui\u00e7\u00e3o e cumprimento de objetivos comuns.<\/li>\r\n<li>Promover a utiliza\u00e7\u00e3o de processos mais eficientes, de acordo com os princ\u00edpios de desenvolvimento sustent\u00e1vel. Conhecer e cumprir os requisitos legais e regulamentares aplic\u00e1veis.<\/li>\r\n<li>Dotar a Fehst de meios e recursos que permitam prevenir a polui\u00e7\u00e3o ambiental e outras problem\u00e1ticas ambientais no \u00e2mbito do seu contexto.<\/li>\r\n<li>Minimizar a quantidade e perigosidade dos res\u00edduos gerados, optando sempre pelo destino de menor impacto ambiental.<\/li>\r\n<li>Garantir a prote\u00e7\u00e3o dos seus ativos e a classifica\u00e7\u00e3o da informa\u00e7\u00e3o nos tr\u00eas principais pilares \u2013 confidencialidade, integridade e disponibilidade.<\/li>\r\n<li>Estabelecer metodologias de forma a garantir que a informa\u00e7\u00e3o est\u00e1 em conformidade com os requisitos internos, leis, regulamentos, requisitos de clientes e outros.<\/li>\r\n<\/ul>\r\n<p>[\/vc_column_text][\/vc_column][vc_column width=&#8221;1\/2&#8243;][vc_gallery type=&#8221;image_grid&#8221; images=&#8221;899&#8243; img_size=&#8221;full&#8221;][vc_btn title=&#8221;Descarregar Certificados&#8221; color=&#8221;primary&#8221; link=&#8221;url:http%3A%2F%2Fwww.fehstgroup.com%2Fcapabilities%2Fquality%2Fcertificates%2F|||.vc_custom_1625095446627{margin-left: 17px !important;}&#8221; css=&#8221;.vc_custom_1625095706525{margin-left: 17px !important;}&#8221;][vc_btn title=&#8221;Testes e medidas&#8221; color=&#8221;primary&#8221; link=&#8221;url:http%3A%2F%2Fwww.fehstgroup.com%2Fcapabilities%2Fquality%2Ftests-and-measurements%2F|||&#8221;][\/vc_column][\/vc_row]<\/p>\r\n<p>[vc_row][vc_column][vc_column_text]<\/p>\r\n\r\n<p>&nbsp;<\/p>\r\n\r\n<p>&nbsp;<\/p>\r\n\r\n<p>&nbsp;<\/p>\r\n\r\n<p>[\/vc_column_text][\/vc_column][\/vc_row]<\/p>","protected":false},"excerpt":{"rendered":"<p>[vc_row][vc_column][vc_column_text] \u00a0 [\/vc_column_text][\/vc_column][\/vc_row][vc_row][vc_column width=&#8221;1\/2&#8243;][vc_column_text]O \u00e2mbito do Sistema de Gest\u00e3o Integrado da Fehst\u00a0\u2013 Qualidade \u2013 Ambiente \u2013 Higiene e Seguran\u00e7a no trabalho \u2013 Seguran\u00e7a da informa\u00e7\u00e3o \u2013\u00a0 \u00e9 o desenvolvimento e a produ\u00e7\u00e3o de pe\u00e7as pl\u00e1sticas por inje\u00e7\u00e3o, acabamentos de superf\u00edcie, montagem de m\u00f3dulos \/ produtos mec\u00e2nicos e a cromagem de pe\u00e7as pl\u00e1sticas, considerando os requisitos [&hellip;]<\/p>\n","protected":false},"author":1,"featured_media":0,"parent":118,"menu_order":0,"comment_status":"closed","ping_status":"closed","template":"","meta":{"footnotes":""},"class_list":["post-139","page","type-page","status-publish","hentry"],"aioseo_notices":[],"_links":{"self":[{"href":"https:\/\/www.fehstgroup.com\/pt\/wp-json\/wp\/v2\/pages\/139","targetHints":{"allow":["GET"]}}],"collection":[{"href":"https:\/\/www.fehstgroup.com\/pt\/wp-json\/wp\/v2\/pages"}],"about":[{"href":"https:\/\/www.fehstgroup.com\/pt\/wp-json\/wp\/v2\/types\/page"}],"author":[{"embeddable":true,"href":"https:\/\/www.fehstgroup.com\/pt\/wp-json\/wp\/v2\/users\/1"}],"replies":[{"embeddable":true,"href":"https:\/\/www.fehstgroup.com\/pt\/wp-json\/wp\/v2\/comments?post=139"}],"version-history":[{"count":60,"href":"https:\/\/www.fehstgroup.com\/pt\/wp-json\/wp\/v2\/pages\/139\/revisions"}],"predecessor-version":[{"id":901,"href":"https:\/\/www.fehstgroup.com\/pt\/wp-json\/wp\/v2\/pages\/139\/revisions\/901"}],"up":[{"embeddable":true,"href":"https:\/\/www.fehstgroup.com\/pt\/wp-json\/wp\/v2\/pages\/118"}],"wp:attachment":[{"href":"https:\/\/www.fehstgroup.com\/pt\/wp-json\/wp\/v2\/media?parent=139"}],"curies":[{"name":"wp","href":"https:\/\/api.w.org\/{rel}","templated":true}]}}