{"id":133,"date":"2017-03-10T18:14:00","date_gmt":"2017-03-10T18:14:00","guid":{"rendered":"http:\/\/emdesenvolvimento.pt\/fehst_v2\/?page_id=133"},"modified":"2020-04-29T10:45:10","modified_gmt":"2020-04-29T10:45:10","slug":"production","status":"publish","type":"page","link":"https:\/\/www.fehstgroup.com\/pt\/capabilities\/production\/","title":{"rendered":"Produ\u00e7\u00e3o"},"content":{"rendered":"<p>[vc_row][vc_column width=&#8221;1\/2&#8243;][vc_column_text]N\u00f3s vislumbramos o futuro ao j\u00e1 incorporar os conceitos da ind\u00fastria 4.0 para troca de informa\u00e7\u00f5es, automa\u00e7\u00e3o e tecnologias de manufatura.<\/p>\n<p>Nossos colaboradores, instala\u00e7\u00f5es e equipamentos estado da arte especializam-se em:<\/p>\n<ul>\n<li><a href=\"http:\/\/www.fehstgroup.com\/technologies\/plastic-injection-moulding\/\">Inje\u00e7\u00e3o termopl\u00e1stico: M\u00e1quinas bi-material\/tri-material<\/a><\/li>\n<li><a href=\"http:\/\/www.fehstgroup.com\/technologies\/plastic-chrome-plating\/\">Cromagem: Metaliza\u00e7\u00e3o eletrol\u00edtica de pe\u00e7as pl\u00e1sticas<\/a><\/li>\n<li><a href=\"http:\/\/www.fehstgroup.com\/technologies\/automatic-uv-painting\/\">Pintura: Tinta \u00e0 base de \u00e1gua, tintas de dois componentes, tinta de alto brilho (piano black) e tinta de endurecimento UV<\/a><\/li>\n<li><a href=\"http:\/\/www.fehstgroup.com\/technologies\/assembly\/\">Montagem<\/a><\/li>\n<li><a href=\"http:\/\/www.fehstgroup.com\/technologies\/printingother-processes\/\">Crava\u00e7\u00e3o, estampagem e outros processos<\/a><\/li>\n<\/ul>\n<p>[\/vc_column_text][\/vc_column][vc_column width=&#8221;1\/2&#8243;][vc_gallery type=&#8221;nivo&#8221; interval=&#8221;3&#8243; images=&#8221;134,135,136&#8243; img_size=&#8221;full&#8221;][\/vc_column][\/vc_row]<\/p>","protected":false},"excerpt":{"rendered":"<p>[vc_row][vc_column width=&#8221;1\/2&#8243;][vc_column_text]N\u00f3s vislumbramos o futuro ao j\u00e1 incorporar os conceitos da ind\u00fastria 4.0 para troca de informa\u00e7\u00f5es, automa\u00e7\u00e3o e tecnologias de manufatura. Nossos colaboradores, instala\u00e7\u00f5es e equipamentos estado da arte especializam-se em: Inje\u00e7\u00e3o termopl\u00e1stico: M\u00e1quinas bi-material\/tri-material Cromagem: Metaliza\u00e7\u00e3o eletrol\u00edtica de pe\u00e7as pl\u00e1sticas Pintura: Tinta \u00e0 base de \u00e1gua, tintas de dois componentes, tinta de alto [&hellip;]<\/p>\n","protected":false},"author":1,"featured_media":0,"parent":118,"menu_order":0,"comment_status":"closed","ping_status":"closed","template":"","meta":{"footnotes":""},"class_list":["post-133","page","type-page","status-publish","hentry"],"aioseo_notices":[],"_links":{"self":[{"href":"https:\/\/www.fehstgroup.com\/pt\/wp-json\/wp\/v2\/pages\/133","targetHints":{"allow":["GET"]}}],"collection":[{"href":"https:\/\/www.fehstgroup.com\/pt\/wp-json\/wp\/v2\/pages"}],"about":[{"href":"https:\/\/www.fehstgroup.com\/pt\/wp-json\/wp\/v2\/types\/page"}],"author":[{"embeddable":true,"href":"https:\/\/www.fehstgroup.com\/pt\/wp-json\/wp\/v2\/users\/1"}],"replies":[{"embeddable":true,"href":"https:\/\/www.fehstgroup.com\/pt\/wp-json\/wp\/v2\/comments?post=133"}],"version-history":[{"count":6,"href":"https:\/\/www.fehstgroup.com\/pt\/wp-json\/wp\/v2\/pages\/133\/revisions"}],"predecessor-version":[{"id":483,"href":"https:\/\/www.fehstgroup.com\/pt\/wp-json\/wp\/v2\/pages\/133\/revisions\/483"}],"up":[{"embeddable":true,"href":"https:\/\/www.fehstgroup.com\/pt\/wp-json\/wp\/v2\/pages\/118"}],"wp:attachment":[{"href":"https:\/\/www.fehstgroup.com\/pt\/wp-json\/wp\/v2\/media?parent=133"}],"curies":[{"name":"wp","href":"https:\/\/api.w.org\/{rel}","templated":true}]}}