{"id":128,"date":"2017-03-10T17:31:22","date_gmt":"2017-03-10T17:31:22","guid":{"rendered":"http:\/\/emdesenvolvimento.pt\/fehst_v2\/?page_id=128"},"modified":"2020-04-29T10:45:10","modified_gmt":"2020-04-29T10:45:10","slug":"project-management","status":"publish","type":"page","link":"https:\/\/www.fehstgroup.com\/pt\/capabilities\/project-management\/","title":{"rendered":"Gest\u00e3o de Projetos"},"content":{"rendered":"<p>[vc_row][vc_column][vc_single_image image=&#8221;129&#8243; img_size=&#8221;full&#8221; alignment=&#8221;center&#8221;][vc_column_text]<strong>Gest\u00e3o de Projetos<\/strong><\/p>\n<p>Nosso l\u00edder de projetos \u00e9 o principal ponto de contato entre o cliente e a Fehst Componentes. Ele \u00e9 capaz de rapidamente responder \u00e0s necessidades, mobilizando os recursos necess\u00e1rios, ou de escalar os assuntos quando necess\u00e1rio.<\/p>\n<p>O planeamento detalhado \u00e9 parte da nossa cultura. Cada \u00e1rea tem um gestor de projetos respons\u00e1vel, que desmembra as tarefas distribu\u00eddas pelo l\u00edder de projeto e garante que sejam cumpridas. N\u00f3s utilizamos todo o potencial das ferramentas \u00e0 disposi\u00e7\u00e3o.<\/p>\n<ul>\n<li>Planeamento e controlo de projeto<\/li>\n<li>Engenharia de projeto e de processo<\/li>\n<li>Planeamento de qualidade<\/li>\n<li>APQP\/PFMEA<\/li>\n<li>PPAP<\/li>\n<li>Engenheiro residente<\/li>\n<\/ul>\n<p>[\/vc_column_text][\/vc_column][\/vc_row]<\/p>","protected":false},"excerpt":{"rendered":"<p>[vc_row][vc_column][vc_single_image image=&#8221;129&#8243; img_size=&#8221;full&#8221; alignment=&#8221;center&#8221;][vc_column_text]Gest\u00e3o de Projetos Nosso l\u00edder de projetos \u00e9 o principal ponto de contato entre o cliente e a Fehst Componentes. Ele \u00e9 capaz de rapidamente responder \u00e0s necessidades, mobilizando os recursos necess\u00e1rios, ou de escalar os assuntos quando necess\u00e1rio. O planeamento detalhado \u00e9 parte da nossa cultura. Cada \u00e1rea tem um gestor [&hellip;]<\/p>\n","protected":false},"author":1,"featured_media":0,"parent":118,"menu_order":0,"comment_status":"closed","ping_status":"closed","template":"","meta":{"footnotes":""},"class_list":["post-128","page","type-page","status-publish","hentry"],"aioseo_notices":[],"_links":{"self":[{"href":"https:\/\/www.fehstgroup.com\/pt\/wp-json\/wp\/v2\/pages\/128","targetHints":{"allow":["GET"]}}],"collection":[{"href":"https:\/\/www.fehstgroup.com\/pt\/wp-json\/wp\/v2\/pages"}],"about":[{"href":"https:\/\/www.fehstgroup.com\/pt\/wp-json\/wp\/v2\/types\/page"}],"author":[{"embeddable":true,"href":"https:\/\/www.fehstgroup.com\/pt\/wp-json\/wp\/v2\/users\/1"}],"replies":[{"embeddable":true,"href":"https:\/\/www.fehstgroup.com\/pt\/wp-json\/wp\/v2\/comments?post=128"}],"version-history":[{"count":4,"href":"https:\/\/www.fehstgroup.com\/pt\/wp-json\/wp\/v2\/pages\/128\/revisions"}],"predecessor-version":[{"id":333,"href":"https:\/\/www.fehstgroup.com\/pt\/wp-json\/wp\/v2\/pages\/128\/revisions\/333"}],"up":[{"embeddable":true,"href":"https:\/\/www.fehstgroup.com\/pt\/wp-json\/wp\/v2\/pages\/118"}],"wp:attachment":[{"href":"https:\/\/www.fehstgroup.com\/pt\/wp-json\/wp\/v2\/media?parent=128"}],"curies":[{"name":"wp","href":"https:\/\/api.w.org\/{rel}","templated":true}]}}