{"id":121,"date":"2017-03-10T17:27:28","date_gmt":"2017-03-10T17:27:28","guid":{"rendered":"http:\/\/emdesenvolvimento.pt\/fehst_v2\/?page_id=121"},"modified":"2020-04-29T10:45:10","modified_gmt":"2020-04-29T10:45:10","slug":"development","status":"publish","type":"page","link":"https:\/\/www.fehstgroup.com\/pt\/capabilities\/development\/","title":{"rendered":"Desenvolvimento"},"content":{"rendered":"<p>[vc_row][vc_column width=&#8221;1\/2&#8243;][vc_column_text]<strong>Fase de conce\u00e7\u00e3o<\/strong><\/p>\n<ul>\n<li>Necessidades do mercado<\/li>\n<li>Conceitos fundamentais<\/li>\n<li>Novas tecnologias de produ\u00e7\u00e3o<\/li>\n<li>Know-how do design do sistema<\/li>\n<\/ul>\n<p><strong>Projeto do Sistema ou pe\u00e7a<\/strong><\/p>\n<ul>\n<li>Co-design &amp; desenvolvimento dos m\u00f3dulos mec\u00e2nicos<\/li>\n<li>Desenvolvimento da parte eletr\u00f3nica<\/li>\n<li>Projeto para atingir meta de custo<\/li>\n<li>Sele\u00e7\u00e3o de materiais e processos produtivos<\/li>\n<li>Prototipagem<\/li>\n<li>Valida\u00e7\u00e3o do projeto, DFM<\/li>\n<\/ul>\n<p>[\/vc_column_text][\/vc_column][vc_column width=&#8221;1\/2&#8243;][vc_gallery type=&#8221;image_grid&#8221; images=&#8221;122,123,124&#8243; img_size=&#8221;full&#8221;][\/vc_column][\/vc_row]<\/p>","protected":false},"excerpt":{"rendered":"<p>[vc_row][vc_column width=&#8221;1\/2&#8243;][vc_column_text]Fase de conce\u00e7\u00e3o Necessidades do mercado Conceitos fundamentais Novas tecnologias de produ\u00e7\u00e3o Know-how do design do sistema Projeto do Sistema ou pe\u00e7a Co-design &amp; desenvolvimento dos m\u00f3dulos mec\u00e2nicos Desenvolvimento da parte eletr\u00f3nica Projeto para atingir meta de custo Sele\u00e7\u00e3o de materiais e processos produtivos Prototipagem Valida\u00e7\u00e3o do projeto, DFM [\/vc_column_text][\/vc_column][vc_column width=&#8221;1\/2&#8243;][vc_gallery type=&#8221;image_grid&#8221; images=&#8221;122,123,124&#8243; img_size=&#8221;full&#8221;][\/vc_column][\/vc_row]<\/p>\n","protected":false},"author":1,"featured_media":0,"parent":118,"menu_order":0,"comment_status":"closed","ping_status":"closed","template":"","meta":{"footnotes":""},"class_list":["post-121","page","type-page","status-publish","hentry"],"aioseo_notices":[],"_links":{"self":[{"href":"https:\/\/www.fehstgroup.com\/pt\/wp-json\/wp\/v2\/pages\/121","targetHints":{"allow":["GET"]}}],"collection":[{"href":"https:\/\/www.fehstgroup.com\/pt\/wp-json\/wp\/v2\/pages"}],"about":[{"href":"https:\/\/www.fehstgroup.com\/pt\/wp-json\/wp\/v2\/types\/page"}],"author":[{"embeddable":true,"href":"https:\/\/www.fehstgroup.com\/pt\/wp-json\/wp\/v2\/users\/1"}],"replies":[{"embeddable":true,"href":"https:\/\/www.fehstgroup.com\/pt\/wp-json\/wp\/v2\/comments?post=121"}],"version-history":[{"count":2,"href":"https:\/\/www.fehstgroup.com\/pt\/wp-json\/wp\/v2\/pages\/121\/revisions"}],"predecessor-version":[{"id":307,"href":"https:\/\/www.fehstgroup.com\/pt\/wp-json\/wp\/v2\/pages\/121\/revisions\/307"}],"up":[{"embeddable":true,"href":"https:\/\/www.fehstgroup.com\/pt\/wp-json\/wp\/v2\/pages\/118"}],"wp:attachment":[{"href":"https:\/\/www.fehstgroup.com\/pt\/wp-json\/wp\/v2\/media?parent=121"}],"curies":[{"name":"wp","href":"https:\/\/api.w.org\/{rel}","templated":true}]}}