{"id":118,"date":"2017-03-10T17:23:50","date_gmt":"2017-03-10T17:23:50","guid":{"rendered":"http:\/\/emdesenvolvimento.pt\/fehst_v2\/?page_id=118"},"modified":"2025-07-22T13:56:28","modified_gmt":"2025-07-22T13:56:28","slug":"capabilities","status":"publish","type":"page","link":"https:\/\/www.fehstgroup.com\/pt\/capabilities\/","title":{"rendered":"Gest\u00e3o"},"content":{"rendered":"<p>[vc_row][vc_column width=&#8221;1\/2&#8243;][vc_column_text]N\u00f3s nos apoiamos na qualidade e compet\u00eancia dos nossos colaboradores e investimos em tecnologia de ponta para oferecer aos nossos clientes os mais altos padr\u00f5es de qualidade e fiabilidade.<\/p>\n<p>N\u00f3s nos esfor\u00e7amos para sermos um parceiro complete, oferecendo uma solu\u00e7\u00e3o \u201cchave na m\u00e3o\u201d para suprir todas as necessidades, passando pelo desenvolvimento, gest\u00e3o do projeto, garantia da qualidade e entrega.<\/p>\n<p>Nossa estrat\u00e9gia de crescimento baseia-se em:<\/p>\n<p>\u2022 Colaboradores altamente qualificados<\/p>\n<p>\u2022 Digitaliza\u00e7\u00e3o da manufatura, segundo os princ\u00edpios da Ind\u00fastria 4.0<\/p>\n<p>\u2022 Seguidos investimentos na automa\u00e7\u00e3o dos nossos processos produtivos[\/vc_column_text][\/vc_column][vc_column width=&#8221;1\/2&#8243;][vc_single_image image=&#8221;923&#8243; img_size=&#8221;full&#8221;][\/vc_column][\/vc_row]<\/p>","protected":false},"excerpt":{"rendered":"<p>[vc_row][vc_column width=&#8221;1\/2&#8243;][vc_column_text]N\u00f3s nos apoiamos na qualidade e compet\u00eancia dos nossos colaboradores e investimos em tecnologia de ponta para oferecer aos nossos clientes os mais altos padr\u00f5es de qualidade e fiabilidade. N\u00f3s nos esfor\u00e7amos para sermos um parceiro complete, oferecendo uma solu\u00e7\u00e3o \u201cchave na m\u00e3o\u201d para suprir todas as necessidades, passando pelo desenvolvimento, gest\u00e3o do projeto, [&hellip;]<\/p>\n","protected":false},"author":1,"featured_media":0,"parent":0,"menu_order":0,"comment_status":"closed","ping_status":"closed","template":"","meta":{"footnotes":""},"class_list":["post-118","page","type-page","status-publish","hentry"],"aioseo_notices":[],"_links":{"self":[{"href":"https:\/\/www.fehstgroup.com\/pt\/wp-json\/wp\/v2\/pages\/118","targetHints":{"allow":["GET"]}}],"collection":[{"href":"https:\/\/www.fehstgroup.com\/pt\/wp-json\/wp\/v2\/pages"}],"about":[{"href":"https:\/\/www.fehstgroup.com\/pt\/wp-json\/wp\/v2\/types\/page"}],"author":[{"embeddable":true,"href":"https:\/\/www.fehstgroup.com\/pt\/wp-json\/wp\/v2\/users\/1"}],"replies":[{"embeddable":true,"href":"https:\/\/www.fehstgroup.com\/pt\/wp-json\/wp\/v2\/comments?post=118"}],"version-history":[{"count":5,"href":"https:\/\/www.fehstgroup.com\/pt\/wp-json\/wp\/v2\/pages\/118\/revisions"}],"predecessor-version":[{"id":925,"href":"https:\/\/www.fehstgroup.com\/pt\/wp-json\/wp\/v2\/pages\/118\/revisions\/925"}],"wp:attachment":[{"href":"https:\/\/www.fehstgroup.com\/pt\/wp-json\/wp\/v2\/media?parent=118"}],"curies":[{"name":"wp","href":"https:\/\/api.w.org\/{rel}","templated":true}]}}